{"id":929,"date":"2016-04-18T10:35:09","date_gmt":"2016-04-18T08:35:09","guid":{"rendered":"http:\/\/www.glm-laser.com\/?page_id=929"},"modified":"2020-10-22T15:17:03","modified_gmt":"2020-10-22T13:17:03","slug":"sokkisha-c3a","status":"publish","type":"page","link":"https:\/\/www.glm-laser.com\/glm\/optische-vermessungsinstrumente-3\/uebersicht\/nivelliere-sokkia\/sokkisha-c3a\/","title":{"rendered":"Sokkisha C3A"},"content":{"rendered":"<h1>Pr\u00e4zisionsnivellier C3A von Sokkisha<\/h1>\n<div class=\"section\">\n<p><img loading=\"lazy\" decoding=\"async\" class=\"alignright wp-image-2184 size-full\" title=\"Sokkisha C3A\" src=\"https:\/\/www.glm-laser.com\/glm\/wp-content\/uploads\/C3A.jpg\" alt=\"Sokkisha C3A\" width=\"199\" height=\"165\" \/>Das Pr\u00e4zisionsnivellier C3A von Sokkisha wird <strong>nicht<\/strong> mehr produziert. Die passenden Nachfolgemodelle sind die Pr\u00e4zisionsnivelliernivelliere aus der B20 Serie. GLM Laserme\u00dftechnik bietet ihnen einen rundum Service (Inspektion, Reparatur und Beratung) f\u00fcr das C3A an.<\/p>\n<h3>Die technischen Daten des Pr\u00e4zisionsnivellier C3A;<\/h3>\n<ul>\n<li>Vergr\u00f6\u00dferung 25x<\/li>\n<li>Objektiv \u00d6ffnung 30mm<\/li>\n<li>K\u00fcrzeste Zielweite 1,6m<\/li>\n<li>Aufl\u00f6sung 4&#8243;<\/li>\n<li>Sichtfeld 1\u00b025`(auf 100m 2,5m)<\/li>\n<li>Ablesung auf 1 gon<\/li>\n<li>Spielfeld Kompensator +\/- 10`<\/li>\n<li>Dosenlibelle 10\u00b4\/2mm<\/li>\n<li>Multiplikationskonstante\u00a0 100<\/li>\n<li>Additionskonstante + 0,10<\/li>\n<\/ul>\n<p>Bei Fragen rufen Sie bitte an oder senden uns eine E-Mail. Wir beraten Sie gerne.<\/p>\n<\/div>\n","protected":false},"excerpt":{"rendered":"<p>Pr\u00e4zisionsnivellier C3A von Sokkisha Das Pr\u00e4zisionsnivellier C3A von Sokkisha wird nicht mehr produziert. Die passenden Nachfolgemodelle sind die Pr\u00e4zisionsnivelliernivelliere aus der B20 Serie. GLM Laserme\u00dftechnik bietet ihnen einen rundum Service (Inspektion, Reparatur und Beratung) f\u00fcr das C3A an. Vergr\u00f6\u00dferung 25x Objektiv \u00d6ffnung 30mm K\u00fcrzeste Zielweite 1,6m Aufl\u00f6sung 4&#8243; Sichtfeld 1\u00b025`(auf 100m 2,5m) Ablesung auf 1 [&hellip;]<\/p>\n","protected":false},"author":1,"featured_media":0,"parent":823,"menu_order":5,"comment_status":"closed","ping_status":"closed","template":"page_submenu.php","meta":{"footnotes":""},"class_list":["post-929","page","type-page","status-publish","hentry"],"_links":{"self":[{"href":"https:\/\/www.glm-laser.com\/glm\/wp-json\/wp\/v2\/pages\/929"}],"collection":[{"href":"https:\/\/www.glm-laser.com\/glm\/wp-json\/wp\/v2\/pages"}],"about":[{"href":"https:\/\/www.glm-laser.com\/glm\/wp-json\/wp\/v2\/types\/page"}],"author":[{"embeddable":true,"href":"https:\/\/www.glm-laser.com\/glm\/wp-json\/wp\/v2\/users\/1"}],"replies":[{"embeddable":true,"href":"https:\/\/www.glm-laser.com\/glm\/wp-json\/wp\/v2\/comments?post=929"}],"version-history":[{"count":8,"href":"https:\/\/www.glm-laser.com\/glm\/wp-json\/wp\/v2\/pages\/929\/revisions"}],"predecessor-version":[{"id":8327,"href":"https:\/\/www.glm-laser.com\/glm\/wp-json\/wp\/v2\/pages\/929\/revisions\/8327"}],"up":[{"embeddable":true,"href":"https:\/\/www.glm-laser.com\/glm\/wp-json\/wp\/v2\/pages\/823"}],"wp:attachment":[{"href":"https:\/\/www.glm-laser.com\/glm\/wp-json\/wp\/v2\/media?parent=929"}],"curies":[{"name":"wp","href":"https:\/\/api.w.org\/{rel}","templated":true}]}}