{"id":931,"date":"2016-04-18T10:35:24","date_gmt":"2016-04-18T08:35:24","guid":{"rendered":"http:\/\/www.glm-laser.com\/?page_id=931"},"modified":"2020-10-23T10:10:54","modified_gmt":"2020-10-23T08:10:54","slug":"sokkia-pl1","status":"publish","type":"page","link":"https:\/\/www.glm-laser.com\/glm\/optische-vermessungsinstrumente-3\/uebersicht\/nivelliere-sokkia\/sokkia-pl1\/","title":{"rendered":"Sokkia PL1"},"content":{"rendered":"<p style=\"text-align: left;\">\n<h1>Pr\u00e4zisionsnivellier PL1 von Sokkia<\/h1>\n<\/p>\n<p style=\"text-align: left;\"><img loading=\"lazy\" decoding=\"async\" class=\"Sokkia PL1 alignright wp-image-2236 size-full\" title=\"Sokkia PL1\" src=\"https:\/\/www.glm-laser.com\/glm\/wp-content\/uploads\/PL1.jpg\" alt=\"Sokkia PL1\" width=\"250\" height=\"166\" \/>Das Pr\u00e4zisionsnivellier PL1 von Sokkia wird <strong>nicht<\/strong> mehr produziert. Die passenden Nachfolgemodelle sind das Digitalnivellier SDL1X oder das Nivellier B20 inkl. Planplattenmikrometer. GLM Laserme\u00dftechnik bietet ihnen einen rundum Service (Inspektion, Reparatur und Beratung) f\u00fcr das PL1 an.<\/p>\n<p><strong>SOKKIA PL1 Pr\u00e4zisions-Libellen-Nivellier erster Ordnung<\/strong><\/p>\n<p align=\"justify\">Speziell f\u00fcr Messungen allerh\u00f6chster Genauigkeit entwickelt, ideal f\u00fcr Maschineneinrichtungen oder Deformationsmessungen.<\/p>\n<p align=\"justify\"><strong>PL1 Pr\u00e4zisions-Libellen-Nivellier erster Ordnung &#8211; unser Prunkst\u00fcck der Feinmechanik!<\/strong><\/p>\n<p align=\"justify\">SOKKIAs PL1 ist das Produkt langj\u00e4hriger Erfahrung im Bereich des hochentwickelten Instrumentenbaus. Der Entwicklung des Pr\u00e4zisionsnivelliers erster Ordnung PL1 ging eine lange und gr\u00fcndliche Forschungsperiode voraus, in der s\u00e4mtliche Anwendungsaspekte unter allen nur denkbaren Arbeitsbedingungen ber\u00fccksichtigt wurden. Das PL1 unterliegt einer strengen Qualit\u00e4tskontrolle, die eine hohe Genauigkeit und Anwendungsfreundlichkeit sicherstellt.<\/p>\n<p align=\"justify\"><strong>H\u00f6chste Genauigkeit!<\/strong><\/p>\n<p align=\"justify\">Die gelungene Kombination aus dem Anzielmechanismus mit einer Empfindlichkeit von 10&#8243;\/2 mm, der Koinzidenzlibelle und dem optischen Planplattenmikrometer mit einer Direktablesung von 0,2mm garantieren pr\u00e4zises Nivellement und hochgenaue Messungen.<\/p>\n<p align=\"justify\"><strong>Kippschraubenmechanismus zur Feineinstellung der Ziellinie<\/strong><\/p>\n<p align=\"justify\">Die Kippschraube zur Einstellung der Ziellinie hat eingravierte Gradstriche, die die Neigung akkurat anzeigen sowie Indexstriche, die die Anzahl der Kippschraubenumdrehungen angeben. Die Kippschraube ist in 50 Einheiten eingeteilt, wobei jede Einheit 2&#8243; Neigung entspricht.<\/p>\n<p align=\"justify\"><strong>Koinzidenzlibelle mit gestochen scharfem Blasenbild<\/strong><\/p>\n<p align=\"justify\">In der Koinzidenzlibelle kommt ausgefeilte optische Technik zum Tragen. Das Luftblasenbild wird auf das Zweifache vergr\u00f6\u00dfert, das dadurch entstehende, ausgesprochen scharfe und gut erkennbare Bild erleichtert die Koinzidenzeinstellung. Die auf dem Blasenbild erscheinende Markierung gibt auf schnelle und einfache Art die Richtung an, in die die Kippschraube gedreht werden muss, um die Blasenh\u00e4lften zum koinzidieren zu bringen.<\/p>\n<p align=\"justify\"><strong>Optisches Planplattenmikrometer f\u00fcr genaues Ablesen<\/strong><\/p>\n<p align=\"justify\">Das PL1 ist mit einem optischen Planplattenmikrometer ausgestattet. Der Einstellknopf des Mikrometers wird solange gedreht, bis der Strichkode auf der Nivellierlatte die keilf\u00f6rmigen Fadenkreuzstriche des Fernrohres teilt. Die \u00c4nderung wird im Fenster des Mikrometers numerisch angezeigt, und diese Ablesung wird zu der Lattenablesung addiert, wodurch eine Ablesungsgenauigkeit von 0,01mm erzielt wird.<\/p>\n<p align=\"justify\"><strong>Keilf\u00f6rmiges Fadenkreuz zur hochpr\u00e4zisen Ablesung<\/strong><\/p>\n<p align=\"justify\">Das hochaufl\u00f6sende Fernrohr, das ein gestochen scharfes Bild des Zieles liefert, ist f\u00fcr die genauere Ablesung des Lattenstrichcodes mit einem keilf\u00f6rmigen Fadenkreuz ausgestattet. Die Entfernung zur Nivellierlatte kann anhand der Fadenkreuzmarkierung leicht ermittelt werden.<\/p>\n<div align=\"justify\">\n<p align=\"justify\"><strong>Optischer Keil erm\u00f6glicht einfache Feineinstellung der Ziellinie<\/strong><\/p>\n<p align=\"justify\">Die Einstellung der Ziellinie ist einfach. Es brauchen keine Schrauben an der R\u00f6hrenlibelle bet\u00e4tigt werden. Um exakte Resultate zu erzielen, m\u00fcssen nur der optische Keil eingestellt werden, bis die Ziellinie in der Horizontalen liegt.<\/p>\n<\/div>\n<p align=\"justify\">Bei Fragen rufen Sie bitte an oder senden uns eine E-Mail.<\/p>\n<p align=\"justify\"><img loading=\"lazy\" decoding=\"async\" class=\"size-full wp-image-958 alignleft\" src=\"https:\/\/www.glm-laser.com\/glm\/wp-content\/uploads\/pdf-icon.png\" alt=\"Download PDF\" width=\"38\" height=\"42\" \/>\n<\/p>\n<p align=\"justify\"><a href=\"https:\/\/www.glm-laser.com\/glm\/wp-content\/uploads\/pl1_de.pdf\" target=\"_blank\" rel=\"noopener noreferrer\">PL1 Nivellierinstrument (897 kB)<\/a><\/p>\n","protected":false},"excerpt":{"rendered":"<p>Das Pr\u00e4zisionsnivellier PL1 von Sokkia wird nicht mehr produziert. Die passenden Nachfolgemodelle sind das Digitalnivellier SDL1X oder das Nivellier B20 inkl. Planplattenmikrometer. GLM Laserme\u00dftechnik bietet ihnen einen rundum Service (Inspektion, Reparatur und Beratung) f\u00fcr das PL1 an. SOKKIA PL1 Pr\u00e4zisions-Libellen-Nivellier erster Ordnung Speziell f\u00fcr Messungen allerh\u00f6chster Genauigkeit entwickelt, ideal f\u00fcr Maschineneinrichtungen oder Deformationsmessungen. PL1 Pr\u00e4zisions-Libellen-Nivellier [&hellip;]<\/p>\n","protected":false},"author":1,"featured_media":0,"parent":823,"menu_order":6,"comment_status":"closed","ping_status":"closed","template":"page_submenu.php","meta":{"footnotes":""},"class_list":["post-931","page","type-page","status-publish","hentry"],"_links":{"self":[{"href":"https:\/\/www.glm-laser.com\/glm\/wp-json\/wp\/v2\/pages\/931"}],"collection":[{"href":"https:\/\/www.glm-laser.com\/glm\/wp-json\/wp\/v2\/pages"}],"about":[{"href":"https:\/\/www.glm-laser.com\/glm\/wp-json\/wp\/v2\/types\/page"}],"author":[{"embeddable":true,"href":"https:\/\/www.glm-laser.com\/glm\/wp-json\/wp\/v2\/users\/1"}],"replies":[{"embeddable":true,"href":"https:\/\/www.glm-laser.com\/glm\/wp-json\/wp\/v2\/comments?post=931"}],"version-history":[{"count":21,"href":"https:\/\/www.glm-laser.com\/glm\/wp-json\/wp\/v2\/pages\/931\/revisions"}],"predecessor-version":[{"id":8438,"href":"https:\/\/www.glm-laser.com\/glm\/wp-json\/wp\/v2\/pages\/931\/revisions\/8438"}],"up":[{"embeddable":true,"href":"https:\/\/www.glm-laser.com\/glm\/wp-json\/wp\/v2\/pages\/823"}],"wp:attachment":[{"href":"https:\/\/www.glm-laser.com\/glm\/wp-json\/wp\/v2\/media?parent=931"}],"curies":[{"name":"wp","href":"https:\/\/api.w.org\/{rel}","templated":true}]}}