{"id":937,"date":"2016-04-18T10:36:30","date_gmt":"2016-04-18T08:36:30","guid":{"rendered":"http:\/\/www.glm-laser.com\/?page_id=937"},"modified":"2020-10-23T10:10:54","modified_gmt":"2020-10-23T08:10:54","slug":"sokkia-lp31","status":"publish","type":"page","link":"https:\/\/www.glm-laser.com\/glm\/optische-vermessungsinstrumente-3\/uebersicht\/sokkia-rotationslaser\/sokkia-lp31\/","title":{"rendered":"Sokkia LP31"},"content":{"rendered":"<h1>Sokkia LP31AC<\/h1>\n<h4 align=\"center\">Beschreibung<\/h4>\n<p><strong>Charakteristische Merkmale:<img loading=\"lazy\" decoding=\"async\" class=\"size-full wp-image-2008 alignright\" src=\"https:\/\/www.glm-laser.com\/glm\/wp-content\/uploads\/lp310.jpg\" alt=\"lp310\" width=\"200\" height=\"232\" \/><\/strong><\/p>\n<ul class=\"unIndentedList\">\n<li>Lasernivellier (horizontale Aufstellung)<\/li>\n<li>Mechanischer Kompensator<\/li>\n<li>Infrarotdiode (nicht sichtbar)<\/li>\n<\/ul>\n<p><strong>Weitere Merkmale:<\/strong><\/p>\n<ul class=\"unIndentedList\">\n<li>Robuste Profiger\u00e4te<\/li>\n<li>Hohe Reichweite (bis 300m Radius)<\/li>\n<li>Hohe Genauigkeit (bis +\/-1,0mm auf 30m)<\/li>\n<li>Wasserschutz gem\u00e4\u00df IPX4<\/li>\n<li>f\u00fcr Flach- und Kugelkopfstative geeignet (5\/8&#8243;)<\/li>\n<\/ul>\n<p><strong>Lieferumfang:<\/strong><\/p>\n<ul class=\"unIndentedList\">\n<li>Handempf\u00e4nger LR100<\/li>\n<li>Klammer f\u00fcr Handempf\u00e4nger (LPC4)<\/li>\n<li>Akku\/Lader<\/li>\n<li>Koffer<\/li>\n<li>IVK-Coaching-Paket<\/li>\n<\/ul>\n<div class=\"section\">\n<p>&nbsp;<\/p>\n<p><strong>Optionen:<\/strong><\/p>\n<table border=\"0\" width=\"662\" cellspacing=\"0\" cellpadding=\"0\">\n<tbody>\n<tr>\n<td nowrap=\"nowrap\" width=\"180\"><strong>Bestellname<\/strong><\/td>\n<td nowrap=\"nowrap\" width=\"482\"><strong>Beschreibung<\/strong><\/td>\n<\/tr>\n<tr>\n<td nowrap=\"nowrap\" width=\"180\">LR100<\/td>\n<td nowrap=\"nowrap\" width=\"482\">Handempf\u00e4nger<\/td>\n<\/tr>\n<tr>\n<td nowrap=\"nowrap\" width=\"180\">LPC4<\/td>\n<td nowrap=\"nowrap\" width=\"482\">Klammer f\u00fcr Handempf\u00e4nger<\/td>\n<\/tr>\n<tr>\n<td nowrap=\"nowrap\" width=\"180\">LRP1A<\/td>\n<td nowrap=\"nowrap\" width=\"482\">Sto\u00dfschutz f\u00fcr Handempf\u00e4nger<\/td>\n<\/tr>\n<tr>\n<td nowrap=\"nowrap\" width=\"180\">BDC39B<\/td>\n<td nowrap=\"nowrap\" width=\"482\">Akku<\/td>\n<\/tr>\n<tr>\n<td nowrap=\"nowrap\" width=\"180\">CDC74<\/td>\n<td nowrap=\"nowrap\" width=\"482\">Lader f\u00fcr BDC39, BDC39A, BDC39B<\/td>\n<\/tr>\n<tr>\n<td nowrap=\"nowrap\" width=\"180\">BDC38<\/td>\n<td nowrap=\"nowrap\" width=\"482\">Batteriekassette f\u00fcr 4 D(R20) Batterien<\/td>\n<\/tr>\n<tr>\n<td nowrap=\"nowrap\" width=\"180\">EDC79<\/td>\n<td nowrap=\"nowrap\" width=\"482\">Netzteil (100- 240V) f\u00fcr EDC74<\/td>\n<\/tr>\n<tr>\n<td nowrap=\"nowrap\" width=\"180\">EDC74<\/td>\n<td nowrap=\"nowrap\" width=\"482\">Adapter f\u00fcr Netzteil EDC79<\/td>\n<\/tr>\n<\/tbody>\n<\/table>\n<\/div>\n<p>&nbsp;<\/p>\n<p><img loading=\"lazy\" decoding=\"async\" class=\"alignleft size-full wp-image-958\" src=\"https:\/\/www.glm-laser.com\/glm\/wp-content\/uploads\/pdf-icon.png\" alt=\"Download PDF\" width=\"38\" height=\"42\" \/><br \/>\n<a href=\"https:\/\/www.glm-laser.com\/glm\/wp-content\/uploads\/lp31_bedienungsanleitung-1.pdf\">Handbuch Rotationslaser LP31 (2 MB)<\/a><br \/>\n<a href=\"https:\/\/www.glm-laser.com\/glm\/wp-content\/uploads\/prospekt_sokkia_lp31a-1.pdf\">Prospekt LP31A (498 kB)<\/a><\/p>\n<p>&nbsp;<\/p>\n","protected":false},"excerpt":{"rendered":"<p>Sokkia LP31AC Beschreibung Charakteristische Merkmale: Lasernivellier (horizontale Aufstellung) Mechanischer Kompensator Infrarotdiode (nicht sichtbar) Weitere Merkmale: Robuste Profiger\u00e4te Hohe Reichweite (bis 300m Radius) Hohe Genauigkeit (bis +\/-1,0mm auf 30m) Wasserschutz gem\u00e4\u00df IPX4 f\u00fcr Flach- und Kugelkopfstative geeignet (5\/8&#8243;) Lieferumfang: Handempf\u00e4nger LR100 Klammer f\u00fcr Handempf\u00e4nger (LPC4) Akku\/Lader Koffer IVK-Coaching-Paket &nbsp; Optionen: Bestellname Beschreibung LR100 Handempf\u00e4nger LPC4 Klammer [&hellip;]<\/p>\n","protected":false},"author":1,"featured_media":0,"parent":825,"menu_order":2,"comment_status":"closed","ping_status":"closed","template":"page_submenu.php","meta":{"footnotes":""},"class_list":["post-937","page","type-page","status-publish","hentry"],"_links":{"self":[{"href":"https:\/\/www.glm-laser.com\/glm\/wp-json\/wp\/v2\/pages\/937"}],"collection":[{"href":"https:\/\/www.glm-laser.com\/glm\/wp-json\/wp\/v2\/pages"}],"about":[{"href":"https:\/\/www.glm-laser.com\/glm\/wp-json\/wp\/v2\/types\/page"}],"author":[{"embeddable":true,"href":"https:\/\/www.glm-laser.com\/glm\/wp-json\/wp\/v2\/users\/1"}],"replies":[{"embeddable":true,"href":"https:\/\/www.glm-laser.com\/glm\/wp-json\/wp\/v2\/comments?post=937"}],"version-history":[{"count":5,"href":"https:\/\/www.glm-laser.com\/glm\/wp-json\/wp\/v2\/pages\/937\/revisions"}],"predecessor-version":[{"id":8440,"href":"https:\/\/www.glm-laser.com\/glm\/wp-json\/wp\/v2\/pages\/937\/revisions\/8440"}],"up":[{"embeddable":true,"href":"https:\/\/www.glm-laser.com\/glm\/wp-json\/wp\/v2\/pages\/825"}],"wp:attachment":[{"href":"https:\/\/www.glm-laser.com\/glm\/wp-json\/wp\/v2\/media?parent=937"}],"curies":[{"name":"wp","href":"https:\/\/api.w.org\/{rel}","templated":true}]}}