{"id":939,"date":"2016-04-18T10:36:49","date_gmt":"2016-04-18T08:36:49","guid":{"rendered":"http:\/\/www.glm-laser.com\/?page_id=939"},"modified":"2016-05-18T15:22:14","modified_gmt":"2016-05-18T13:22:14","slug":"sokkia-lp310","status":"publish","type":"page","link":"https:\/\/www.glm-laser.com\/glm\/optische-vermessungsinstrumente-3\/uebersicht\/sokkia-rotationslaser\/sokkia-lp310\/","title":{"rendered":"Sokkia LP310"},"content":{"rendered":"<p>&nbsp;<\/p>\n<h1>Sokkia LP310C-1<\/h1>\n<h4 align=\"center\">Beschreibung<\/h4>\n<p>&nbsp;<\/p>\n<p><strong>Charakteristische Merkmale:<img loading=\"lazy\" decoding=\"async\" class=\"size-full wp-image-2024 alignright\" src=\"https:\/\/www.glm-laser.com\/glm\/wp-content\/uploads\/sokkia_lp310.png\" alt=\"sokkia_lp310\" width=\"200\" height=\"232\" \/><\/strong><\/p>\n<ul class=\"unIndentedList\">\n<li>Lasernivellier (horizontale Aufstellung)<\/li>\n<li>Horizontierautomatik (+\/-4\u00b0)<\/li>\n<li>Infrarotdiode (nicht sichtbar)<\/li>\n<\/ul>\n<p><strong>Weitere Merkmale:<\/strong><\/p>\n<ul class=\"unIndentedList\">\n<li>Robustes Profiger\u00e4t<\/li>\n<li>Hohe Reichweite (bis 300m Radius)<\/li>\n<li>Hohe Genauigkeit (bis +\/-1,5mm auf 30m)<\/li>\n<li>Wasserschutz gem\u00e4\u00df IP55<\/li>\n<li>f\u00fcr Flach- und Kugelkopfstative geeignet (5\/8&#8243;) Automatische Abschaltung bei H\u00f6hen\u00e4nderungen<\/li>\n<\/ul>\n<p><strong>Lieferumfang:<\/strong><\/p>\n<ul class=\"unIndentedList\">\n<li>Handempf\u00e4nger MD310<\/li>\n<li>Klammer f\u00fcr Handempf\u00e4nger (MDC310)<\/li>\n<li>Akku (BDC39A), Lader (CDC44)<\/li>\n<li>Koffer<\/li>\n<\/ul>\n<div class=\"section\">\n<p>&nbsp;<\/p>\n<p><strong>Optionen:<\/strong><\/p>\n<\/div>\n<div class=\"section\">\n<table border=\"0\" width=\"662\" cellspacing=\"0\" cellpadding=\"0\">\n<tbody>\n<tr>\n<td nowrap=\"nowrap\" width=\"180\">MD310<\/td>\n<td nowrap=\"nowrap\" width=\"482\">Handempf\u00e4nger<\/td>\n<\/tr>\n<tr>\n<td nowrap=\"nowrap\" width=\"180\">MDC310<\/td>\n<td nowrap=\"nowrap\" width=\"482\">Klammer f\u00fcr Handempf\u00e4nger<\/td>\n<\/tr>\n<tr>\n<td nowrap=\"nowrap\" width=\"180\">BDC39B<\/td>\n<td nowrap=\"nowrap\" width=\"482\">Akku<\/td>\n<\/tr>\n<tr>\n<td nowrap=\"nowrap\" width=\"180\">CDC74<\/td>\n<td nowrap=\"nowrap\" width=\"482\">Lader f\u00fcr BDC39, BDC39A, BDC39B<\/td>\n<\/tr>\n<tr>\n<td nowrap=\"nowrap\" width=\"180\">BDC38<\/td>\n<td nowrap=\"nowrap\" width=\"482\">Batteriekassette f\u00fcr 4 D(R20) Batterien<\/td>\n<\/tr>\n<tr>\n<td nowrap=\"nowrap\" width=\"180\">EDC79<\/td>\n<td nowrap=\"nowrap\" width=\"482\">Netzteil (100- 240V) f\u00fcr EDC74<\/td>\n<\/tr>\n<tr>\n<td nowrap=\"nowrap\" width=\"180\">EDC74<\/td>\n<td nowrap=\"nowrap\" width=\"482\">Adapter f\u00fcr Netzteil EDC79<\/td>\n<\/tr>\n<\/tbody>\n<\/table>\n<p>&nbsp;<\/p>\n<p><a href=\"https:\/\/www.glm-laser.com\/glm\/wp-content\/uploads\/prospekt_lp310.pdf\" target=\"_blank\"><img loading=\"lazy\" decoding=\"async\" class=\"alignleft size-full wp-image-958\" src=\"https:\/\/www.glm-laser.com\/glm\/wp-content\/uploads\/pdf-icon.png\" alt=\"Download PDF\" width=\"38\" height=\"42\" \/><\/a><\/p>\n<p><a href=\"https:\/\/www.glm-laser.com\/glm\/wp-content\/uploads\/prospekt_lp310.pdf\"><br \/>\nProspekt LP310 (818 kB)<\/a><\/p>\n<\/div>\n","protected":false},"excerpt":{"rendered":"<p>&nbsp; Sokkia LP310C-1 Beschreibung &nbsp; Charakteristische Merkmale: Lasernivellier (horizontale Aufstellung) Horizontierautomatik (+\/-4\u00b0) Infrarotdiode (nicht sichtbar) Weitere Merkmale: Robustes Profiger\u00e4t Hohe Reichweite (bis 300m Radius) Hohe Genauigkeit (bis +\/-1,5mm auf 30m) Wasserschutz gem\u00e4\u00df IP55 f\u00fcr Flach- und Kugelkopfstative geeignet (5\/8&#8243;) Automatische Abschaltung bei H\u00f6hen\u00e4nderungen Lieferumfang: Handempf\u00e4nger MD310 Klammer f\u00fcr Handempf\u00e4nger (MDC310) Akku (BDC39A), Lader (CDC44) Koffer [&hellip;]<\/p>\n","protected":false},"author":1,"featured_media":0,"parent":825,"menu_order":3,"comment_status":"closed","ping_status":"closed","template":"page_submenu.php","meta":{"footnotes":""},"class_list":["post-939","page","type-page","status-publish","hentry"],"_links":{"self":[{"href":"https:\/\/www.glm-laser.com\/glm\/wp-json\/wp\/v2\/pages\/939"}],"collection":[{"href":"https:\/\/www.glm-laser.com\/glm\/wp-json\/wp\/v2\/pages"}],"about":[{"href":"https:\/\/www.glm-laser.com\/glm\/wp-json\/wp\/v2\/types\/page"}],"author":[{"embeddable":true,"href":"https:\/\/www.glm-laser.com\/glm\/wp-json\/wp\/v2\/users\/1"}],"replies":[{"embeddable":true,"href":"https:\/\/www.glm-laser.com\/glm\/wp-json\/wp\/v2\/comments?post=939"}],"version-history":[{"count":7,"href":"https:\/\/www.glm-laser.com\/glm\/wp-json\/wp\/v2\/pages\/939\/revisions"}],"predecessor-version":[{"id":2029,"href":"https:\/\/www.glm-laser.com\/glm\/wp-json\/wp\/v2\/pages\/939\/revisions\/2029"}],"up":[{"embeddable":true,"href":"https:\/\/www.glm-laser.com\/glm\/wp-json\/wp\/v2\/pages\/825"}],"wp:attachment":[{"href":"https:\/\/www.glm-laser.com\/glm\/wp-json\/wp\/v2\/media?parent=939"}],"curies":[{"name":"wp","href":"https:\/\/api.w.org\/{rel}","templated":true}]}}