{"id":951,"date":"2016-04-18T10:38:28","date_gmt":"2016-04-18T08:38:28","guid":{"rendered":"http:\/\/www.glm-laser.com\/?page_id=951"},"modified":"2021-11-08T15:40:35","modified_gmt":"2021-11-08T14:40:35","slug":"triax-pl100","status":"publish","type":"page","link":"https:\/\/www.glm-laser.com\/glm\/optische-vermessungsinstrumente-3\/uebersicht\/sokkia-rotationslaser\/triax-pl100\/","title":{"rendered":"Triax PL100"},"content":{"rendered":"<h1>Kanalbaulaser PL100 von Triax<img loading=\"lazy\" decoding=\"async\" class=\"size-full wp-image-2046 alignright\" src=\"https:\/\/www.glm-laser.com\/glm\/wp-content\/uploads\/PL100.jpg\" alt=\"PL100\" width=\"199\" height=\"178\" \/><\/h1>\n<p>Der Kanalbaulaser PL100 wird nicht mehr produziert.<\/p>\n<p>Den passenden Nachfolger finden Sie bei unserem Partner HKL.<\/p>\n<p><u><strong>Charakteristische Merkmale:<\/strong><\/u><\/p>\n<ul class=\"unIndentedList\">\n<li>Laserdiode 635nm, Klasse 3R<\/li>\n<li>Reichweite 200m<\/li>\n<li>Horizontiergenauigkeit +\/-5mm auf 100m (Arbeitsbereich +\/- 10\u00b0)<\/li>\n<li>-10% bis +40% Neigung<\/li>\n<\/ul>\n<p class=\"section\"><u><strong>Weitere Merkmale:<\/strong><\/u><\/p>\n<ul class=\"unIndentedList\">\n<li>Querneigungsautomatik (Arbeitsbereich +\/- 3\u00b0)<\/li>\n<li>Wasserdichtes Metallgeh\u00e4use, stickstoffgesp\u00fclt<\/li>\n<li>Abnehmbarer Handgriff oben<\/li>\n<li>Gummi-Handgriff hinten, auch als Sto\u00dfschutz f\u00fcr Display<\/li>\n<li>Eingebauter Ni-CD Akku, Betriebsdauer ca. 80 Stunden<\/li>\n<li>Automatische Lot-\/Fluchtungsfunktion<\/li>\n<li>Fernbedienung (Reichweite bis 100m), Empfangsfenster vorne und hinten<\/li>\n<\/ul>\n<p class=\"section\"><strong><u>Lieferumfang:<\/u><\/strong><\/p>\n<ul class=\"unIndentedList\">\n<li>Ladeger\u00e4t TRG30067.1, Lemostecker<\/li>\n<li>Fernbedienung<\/li>\n<li>4 F\u00fc\u00dfe f\u00fcr 200mm Rohrdurchmesser<\/li>\n<li>Universalzieltafel<\/li>\n<\/ul>\n<p><strong><u>Zubeh\u00f6r:<\/u><\/strong><\/p>\n<ul>\n<li>TRM-08050 Universalzieltafel<\/li>\n<li>TRM-300059 Fernbedienung TRM-R30<\/li>\n<li>TRM-300067.4 Ladeger\u00e4t Souriau<\/li>\n<li>TRM-300067.1 Ladeger\u00e4t Lemo<\/li>\n<li>TRM-300068 Ersatzfu\u00df 200mm Rohrdurchmesser<\/li>\n<li>TRM-300149 Satz F\u00fc\u00dfe f\u00fcr 250mm und 300mm Rohrdurchmesser<\/li>\n<li>TRM-300099 Externes Stromkabel 12V Krokodilklemmen\/Lemo<\/li>\n<li>TRM-300099-1 Externes Stromkabel 12V Krokodilklemmen\/Souriau<\/li>\n<li>TRM-300188 Adapter f\u00fcr Stativaufstellung<\/li>\n<\/ul>\n<p><img loading=\"lazy\" decoding=\"async\" class=\"alignleft size-full wp-image-958\" src=\"https:\/\/www.glm-laser.com\/glm\/wp-content\/uploads\/pdf-icon.png\" alt=\"Download PDF\" width=\"38\" height=\"42\" \/><\/p>\n<p><a href=\"https:\/\/www.glm-laser.com\/glm\/wp-content\/uploads\/prospekt_sokkia_pl100.pdf\">Prospekt Triax PL100 (1 MB)<\/a><\/p>\n<p>&nbsp;<\/p>\n","protected":false},"excerpt":{"rendered":"<p>Kanalbaulaser PL100 von Triax Der Kanalbaulaser PL100 wird nicht mehr produziert. Den passenden Nachfolger finden Sie bei unserem Partner HKL. Charakteristische Merkmale: Laserdiode 635nm, Klasse 3R Reichweite 200m Horizontiergenauigkeit +\/-5mm auf 100m (Arbeitsbereich +\/- 10\u00b0) -10% bis +40% Neigung Weitere Merkmale: Querneigungsautomatik (Arbeitsbereich +\/- 3\u00b0) Wasserdichtes Metallgeh\u00e4use, stickstoffgesp\u00fclt Abnehmbarer Handgriff oben Gummi-Handgriff hinten, auch als [&hellip;]<\/p>\n","protected":false},"author":1,"featured_media":0,"parent":825,"menu_order":9,"comment_status":"closed","ping_status":"closed","template":"page_submenu.php","meta":{"footnotes":""},"class_list":["post-951","page","type-page","status-publish","hentry"],"_links":{"self":[{"href":"https:\/\/www.glm-laser.com\/glm\/wp-json\/wp\/v2\/pages\/951"}],"collection":[{"href":"https:\/\/www.glm-laser.com\/glm\/wp-json\/wp\/v2\/pages"}],"about":[{"href":"https:\/\/www.glm-laser.com\/glm\/wp-json\/wp\/v2\/types\/page"}],"author":[{"embeddable":true,"href":"https:\/\/www.glm-laser.com\/glm\/wp-json\/wp\/v2\/users\/1"}],"replies":[{"embeddable":true,"href":"https:\/\/www.glm-laser.com\/glm\/wp-json\/wp\/v2\/comments?post=951"}],"version-history":[{"count":6,"href":"https:\/\/www.glm-laser.com\/glm\/wp-json\/wp\/v2\/pages\/951\/revisions"}],"predecessor-version":[{"id":10015,"href":"https:\/\/www.glm-laser.com\/glm\/wp-json\/wp\/v2\/pages\/951\/revisions\/10015"}],"up":[{"embeddable":true,"href":"https:\/\/www.glm-laser.com\/glm\/wp-json\/wp\/v2\/pages\/825"}],"wp:attachment":[{"href":"https:\/\/www.glm-laser.com\/glm\/wp-json\/wp\/v2\/media?parent=951"}],"curies":[{"name":"wp","href":"https:\/\/api.w.org\/{rel}","templated":true}]}}