{"id":964,"date":"2016-04-18T11:12:06","date_gmt":"2016-04-18T09:12:06","guid":{"rendered":"http:\/\/www.glm-laser.com\/?page_id=964"},"modified":"2020-10-08T12:56:19","modified_gmt":"2020-10-08T10:56:19","slug":"ip-schutzartbezeichnung","status":"publish","type":"page","link":"https:\/\/www.glm-laser.com\/glm\/optische-vermessungsinstrumente-3\/ip-schutzartbezeichnung\/","title":{"rendered":"IP Schutzarten Vermessungsinstrument"},"content":{"rendered":"<h1><a href=\"https:\/\/www.glm-laser.com\/glm\/wp-content\/uploads\/IP-Schutzarten-Vermessungsinstrumente.png\" class=\"gallery_colorbox\"><img loading=\"lazy\" decoding=\"async\" class=\"IP Schutzarten Vermessungsinstrumente alignright wp-image-3916 size-medium\" title=\"IP Schutzarten Vermessungsinstrumente\" src=\"https:\/\/www.glm-laser.com\/glm\/wp-content\/uploads\/IP-Schutzarten-Vermessungsinstrumente-225x300.png\"  alt=\"IP Schutzarten Vermessungsinstrumente\" width=\"225\" height=\"300\" srcset=\"https:\/\/www.glm-laser.com\/glm\/wp-content\/uploads\/IP-Schutzarten-Vermessungsinstrumente-225x300.png 225w, https:\/\/www.glm-laser.com\/glm\/wp-content\/uploads\/IP-Schutzarten-Vermessungsinstrumente-768x1024.png 768w, https:\/\/www.glm-laser.com\/glm\/wp-content\/uploads\/IP-Schutzarten-Vermessungsinstrumente.png 1772w\" sizes=\"(max-width: 225px) 100vw, 225px\" \/><\/a>Was bedeutet IP<\/h1>\n<div class=\"section\">\n<p align=\"justify\">Den in der Schutzartbezeichnung immer vorhandenen Buchstaben <strong>IP<\/strong> wird eine <strong>zweistellige Zahl<\/strong> angeh\u00e4ngt. Diese zeigt an, welchen <strong>Schutzumfang<\/strong> ein Geh\u00e4use bez\u00fcglich Ber\u00fchrung bzw. <strong>Fremdk\u00f6rper (erste Ziffer)<\/strong> und <strong>Feuchtigkeit (zweite Ziffer)<\/strong> bietet. Die mit der IP klassifizierte Schutzart ist von der Schutzklasse zu unterscheiden. Beide betreffen jedoch den Schutz gegen Ber\u00fchren gef\u00e4hrlicher elektrischer Spannungen, die IP klassifiziert zus\u00e4tzlich den Schutz der Ger\u00e4te vor Schmutz und Feuchtigkeit.<\/p>\n<div align=\"justify\"><\/div>\n<div align=\"justify\"><\/div>\n<h3 align=\"justify\">Schutzart f\u00fcr Ber\u00fchrungs- und Fremdk\u00f6rperschutz (1. Ziffer) ZifferSchutz gegen Fremdk\u00f6rper<\/h3>\n<div align=\"justify\"><\/div>\n<p align=\"justify\">0&nbsp;&nbsp;&nbsp;&nbsp; kein Schutz<\/p>\n<div align=\"justify\"><\/div>\n<p align=\"justify\">1&nbsp;&nbsp;&nbsp;&nbsp; gro\u00dfe Fremdk\u00f6rper (Durchmesser ab 50 mm)<\/p>\n<div align=\"justify\"><\/div>\n<p align=\"justify\">2&nbsp;&nbsp;&nbsp;&nbsp; mittelgro\u00dfe Fremdk\u00f6rper (Durchmesser ab 12,5 mm, L\u00e4nge bis 80 mm)<\/p>\n<div align=\"justify\"><\/div>\n<p align=\"justify\">3&nbsp;&nbsp;&nbsp;&nbsp; kleine Fremdk\u00f6rper (Durchmesser ab 2,5 mm)<\/p>\n<div align=\"justify\"><\/div>\n<p align=\"justify\">4&nbsp;&nbsp;&nbsp;&nbsp; kornf\u00f6rmige Fremdk\u00f6rper (Durchmesser ab 1 mm)<\/p>\n<div align=\"justify\"><\/div>\n<p align=\"justify\">5&nbsp;&nbsp;&nbsp;&nbsp; (K)Staubablagerung<\/p>\n<div align=\"justify\"><\/div>\n<p align=\"justify\">6&nbsp;&nbsp;&nbsp;&nbsp; (K)kein Staubeintritt<\/p>\n<div align=\"justify\"><\/div>\n<h3 align=\"justify\"><\/h3>\n<h3 align=\"justify\">Schutzart Wasserschutz (2. Ziffer)<\/h3>\n<h3 align=\"justify\">ZifferSchutz gegen Wasser<\/h3>\n<div align=\"justify\"><\/div>\n<p align=\"justify\">0&nbsp;&nbsp;&nbsp;&nbsp; kein Schutz<\/p>\n<div align=\"justify\"><\/div>\n<p align=\"justify\">1&nbsp;&nbsp;&nbsp;&nbsp; Schutz gegen senkrecht fallendes Tropfwasser<\/p>\n<div align=\"justify\"><\/div>\n<p align=\"justify\">2&nbsp;&nbsp;&nbsp;&nbsp; Schutz gegen schr\u00e4g (bis 15\u00b0) fallendes Tropfwasser<\/p>\n<div align=\"justify\"><\/div>\n<p align=\"justify\">3&nbsp;&nbsp;&nbsp;&nbsp; Schutz gegen fallendes Spr\u00fchwasser bis 60\u00b0 gegen die Senkrechte<\/p>\n<div align=\"justify\"><\/div>\n<p align=\"justify\">4&nbsp;&nbsp;&nbsp;&nbsp; Schutz gegen allseitiges Spritzwasser<\/p>\n<div align=\"justify\"><\/div>\n<p align=\"justify\">4k&nbsp;&nbsp;&nbsp; Schutz gegen allseitiges Spritzwasser unter erh\u00f6htem Druck, gilt nur f\u00fcr Stra\u00dfenfahrzeuge<\/p>\n<div align=\"justify\"><\/div>\n<p align=\"justify\">5&nbsp;&nbsp;&nbsp;&nbsp; Schutz gegen Strahlwasser (D\u00fcse) aus beliebigem Winkel<\/p>\n<div align=\"justify\"><\/div>\n<p align=\"justify\">6&nbsp;&nbsp;&nbsp;&nbsp; Schutz gegen starkes Strahlwasser (\u00dcberflutung)<\/p>\n<div align=\"justify\"><\/div>\n<p align=\"justify\">6k&nbsp;&nbsp;&nbsp; Schutz gegen starkes Strahlwasser unter erh\u00f6htem Druck (\u00dcberflutung), gilt nur f\u00fcr Stra\u00dfenfahrzeuge<\/p>\n<div align=\"justify\"><\/div>\n<p align=\"justify\">7&nbsp;&nbsp;&nbsp;&nbsp; Schutz gegen zeitweiliges Untertauchen<\/p>\n<div align=\"justify\"><\/div>\n<p align=\"justify\">8&nbsp;&nbsp;&nbsp;&nbsp; Schutz gegen dauerndes Untertauchen<\/p>\n<div align=\"justify\"><\/div>\n<p align=\"justify\">9k&nbsp;&nbsp;&nbsp; Schutz gegen Wasser bei Hochdruck- \/Dampfstrahlreinigung, gilt nur f\u00fcr Stra\u00dfenfahrzeuge<\/p>\n<div align=\"justify\"><\/div>\n<div align=\"justify\"><\/div>\n<p align=\"justify\">Wenn eine der beiden Ziffern nicht angegeben werden muss, wird sie durch den Buchstaben X ersetzt (zum Beispiel &#8222;IPX1&#8220;).<\/p>\n<div align=\"justify\"><\/div>\n<p align=\"justify\">Bei Bedarf k\u00f6nnen an die Zahlenkombination noch Buchstaben zur genaueren Beschreibung der Schutzart angeh\u00e4ngt werden.<\/p>\n<div align=\"justify\"><\/div>\n<p align=\"justify\">So wird der Buchstabe K f\u00fcr die Kennzeichnung der Ausr\u00fcstung von Stra\u00dfenfahrzeugen bei einzelnen Kennziffern verwendet.<\/p>\n<\/div>\n","protected":false},"excerpt":{"rendered":"<p>Was bedeutet IP Den in der Schutzartbezeichnung immer vorhandenen Buchstaben IP wird eine zweistellige Zahl angeh\u00e4ngt. Diese zeigt an, welchen Schutzumfang ein Geh\u00e4use bez\u00fcglich Ber\u00fchrung bzw. Fremdk\u00f6rper (erste Ziffer) und Feuchtigkeit (zweite Ziffer) bietet. Die mit der IP klassifizierte Schutzart ist von der Schutzklasse zu unterscheiden. Beide betreffen jedoch den Schutz gegen Ber\u00fchren gef\u00e4hrlicher elektrischer [&hellip;]<\/p>\n","protected":false},"author":1,"featured_media":0,"parent":19,"menu_order":11,"comment_status":"closed","ping_status":"closed","template":"page_submenu.php","meta":{"footnotes":""},"class_list":["post-964","page","type-page","status-publish","hentry"],"_links":{"self":[{"href":"https:\/\/www.glm-laser.com\/glm\/wp-json\/wp\/v2\/pages\/964"}],"collection":[{"href":"https:\/\/www.glm-laser.com\/glm\/wp-json\/wp\/v2\/pages"}],"about":[{"href":"https:\/\/www.glm-laser.com\/glm\/wp-json\/wp\/v2\/types\/page"}],"author":[{"embeddable":true,"href":"https:\/\/www.glm-laser.com\/glm\/wp-json\/wp\/v2\/users\/1"}],"replies":[{"embeddable":true,"href":"https:\/\/www.glm-laser.com\/glm\/wp-json\/wp\/v2\/comments?post=964"}],"version-history":[{"count":17,"href":"https:\/\/www.glm-laser.com\/glm\/wp-json\/wp\/v2\/pages\/964\/revisions"}],"predecessor-version":[{"id":4761,"href":"https:\/\/www.glm-laser.com\/glm\/wp-json\/wp\/v2\/pages\/964\/revisions\/4761"}],"up":[{"embeddable":true,"href":"https:\/\/www.glm-laser.com\/glm\/wp-json\/wp\/v2\/pages\/19"}],"wp:attachment":[{"href":"https:\/\/www.glm-laser.com\/glm\/wp-json\/wp\/v2\/media?parent=964"}],"curies":[{"name":"wp","href":"https:\/\/api.w.org\/{rel}","templated":true}]}}