{"id":9701,"date":"2021-03-05T11:03:34","date_gmt":"2021-03-05T10:03:34","guid":{"rendered":"https:\/\/www.glm-laser.com\/glm\/?page_id=9701"},"modified":"2021-03-05T11:07:26","modified_gmt":"2021-03-05T10:07:26","slug":"sokkia-ix-1203","status":"publish","type":"page","link":"https:\/\/www.glm-laser.com\/glm\/optische-vermessungsinstrumente-3\/sokkia-ix-serie\/sokkia-ix-1203\/","title":{"rendered":"Sokkia iX-1203"},"content":{"rendered":"<h2 class=\"wp-block-heading\">S<strong>okkia iX-1203 motorisierte Totalstation<\/strong><\/h2>\n<div class=\"wp-block-image\">\n<figure class=\"alignright is-resized\"><img loading=\"lazy\" decoding=\"async\" src=\"https:\/\/www.glm-laser.com\/glm\/wp-content\/uploads\/Sokkia-IX-Serie.png\" alt=\"Sokkia IX Serie\" width=\"146\" height=\"153\"\/><\/figure>\n<\/div>\n<p>Die motorisierte Totalstation Sokkia iX-1203 wird seit 2020 vertrieben. GLM Laserme\u00dftechnik bietet ihnen einen\u00a0Rundum- <\/p>\n<p>Service\u00a0(Inspektion,\u00a0Reparatur, Verkauf und Beratung)\u00a0f\u00fcr die Sokkia iX-1203 an.   <\/p>\n<p>Zu Steuerung der Sokkia iX-1203 wird in der Regel ein elektronischer Feldrechner oder ein Tablet verwendet. Selbstverst\u00e4ndlich kann die Totalstation auch \u00fcber On-Bord Software angesteuert werden. Wenn es das Einsatzgebiet fordert, wird die RC-PR5 Einheit als Zubeh\u00f6r empfohlen.  <\/p>\n<p><strong>Auszug aus den technischen Daten:<\/strong><\/p>\n<ul class=\"wp-block-list\">\n<li>Vergr\u00f6\u00dferung\/Aufl\u00f6sung: 30x \/ 2,5\u2033<\/li>\n<li>Rotationsgeschwindigkeit: 150\u00b0 pro Sekunde<\/li>\n<li>Winkelmessgenauigkeit: 3\u2033<\/li>\n<li>Streckenmessgenauigkeit:\n<ul>\n<li>Reflektorlos: +\/- (2 + 2ppm) mm<\/li>\n<li>Folie: +\/- (2 + 2ppm) mm<\/li>\n<li>Prisma: +\/- (1 + 2ppm) mm<\/li>\n<\/ul>\n<\/li>\n<li> <a href=\"https:\/\/www.glm-laser.com\/glm\/optische-vermessungsinstrumente-2\/ip-schutzartbezeichnung\/\">Staub- und Wasserschutz<\/a>:\u00a0IP65 <\/li>\n<\/ul>\n<p><strong>Zubeh\u00f6r<\/strong>:<\/p>\n<ul class=\"wp-block-list\">\n<li>Dosenlibelle f\u00fcr die Haupteinheit (L08C)<\/li>\n<li>R\u00f6hrenkompass (CP7)<\/li>\n<li>Okularlinse f\u00fcr Teleskop (EL8)\n<ul>\n<li>Vergr\u00f6\u00dferung : 40X<\/li>\n<li>Sehfeld : 1\u00b0 7\u201830&#8243;<\/li>\n<\/ul>\n<\/li>\n<li>Diagonalokular (DE30)<\/li>\n<li>Sonnenfilter (OF4)<\/li>\n<li>Schnittstellenkabel DOC210<\/li>\n<li>Fernbedienung (RC-PR5A)<\/li>\n<li>Akku BDC72<\/li>\n<\/ul>\n<p>W\u00fcnschen Sie weitere Informationen. Gerne pr\u00e4sentieren wir Ihnen die Sokkia iX-1203 im Rahmen eines Termins. Schreiben Sie uns einfach an.  <\/p>\n<\/p>\n<div class=\"wp-block-file\"><a href=\"https:\/\/www.glm-laser.com\/glm\/wp-content\/uploads\/ixseries_broch_sok-1037_revd_team_en_us_lores_3.pdf\">Brosch\u00fcre Sokkia iX-1200<\/a><a href=\"https:\/\/www.glm-laser.com\/glm\/wp-content\/uploads\/ixseries_broch_sok-1037_revd_team_en_us_lores_3.pdf\" class=\"wp-block-file__button\" download>Herunterladen<\/a><\/div>\n<div class=\"wp-block-file\"><a href=\"https:\/\/www.glm-laser.com\/glm\/wp-content\/uploads\/ixseries_datasheet_sok-1051_reva_ltr_en_us_lores.pdf\">Datenblatt Sokkia 1200    <\/a><a href=\"https:\/\/www.glm-laser.com\/glm\/wp-content\/uploads\/ixseries_datasheet_sok-1051_reva_ltr_en_us_lores.pdf\" class=\"wp-block-file__button\" download>Herunterladen<\/a><\/div>\n<figure class=\"wp-block-embed-youtube wp-block-embed is-type-video is-provider-youtube wp-embed-aspect-16-9 wp-has-aspect-ratio\">\n<div class=\"wp-block-embed__wrapper\">\n<iframe loading=\"lazy\" title=\"\u30c8\u30d7\u30b3\u30f3 Total Station iX-1200 SOKKIA\" width=\"500\" height=\"281\" src=\"https:\/\/www.youtube.com\/embed\/wACZmutVRBs?feature=oembed\" frameborder=\"0\" allow=\"accelerometer; autoplay; clipboard-write; encrypted-media; gyroscope; picture-in-picture; web-share\" referrerpolicy=\"strict-origin-when-cross-origin\" allowfullscreen><\/iframe>\n<\/div>\n<\/figure>\n","protected":false},"excerpt":{"rendered":"<p>Sokkia iX-1203 motorisierte Totalstation Die motorisierte Totalstation Sokkia iX-1203 wird seit 2020 vertrieben. GLM Laserme\u00dftechnik bietet ihnen einen\u00a0Rundum- Service\u00a0(Inspektion,\u00a0Reparatur, Verkauf und Beratung)\u00a0f\u00fcr die Sokkia iX-1203 an. Zu Steuerung der Sokkia iX-1203 wird in der Regel ein elektronischer Feldrechner oder ein Tablet verwendet. Selbstverst\u00e4ndlich kann die Totalstation auch \u00fcber On-Bord Software angesteuert werden. Wenn es das [&hellip;]<\/p>\n","protected":false},"author":4,"featured_media":0,"parent":4349,"menu_order":1,"comment_status":"closed","ping_status":"closed","template":"page_submenu.php","meta":{"footnotes":""},"class_list":["post-9701","page","type-page","status-publish","hentry"],"_links":{"self":[{"href":"https:\/\/www.glm-laser.com\/glm\/wp-json\/wp\/v2\/pages\/9701"}],"collection":[{"href":"https:\/\/www.glm-laser.com\/glm\/wp-json\/wp\/v2\/pages"}],"about":[{"href":"https:\/\/www.glm-laser.com\/glm\/wp-json\/wp\/v2\/types\/page"}],"author":[{"embeddable":true,"href":"https:\/\/www.glm-laser.com\/glm\/wp-json\/wp\/v2\/users\/4"}],"replies":[{"embeddable":true,"href":"https:\/\/www.glm-laser.com\/glm\/wp-json\/wp\/v2\/comments?post=9701"}],"version-history":[{"count":4,"href":"https:\/\/www.glm-laser.com\/glm\/wp-json\/wp\/v2\/pages\/9701\/revisions"}],"predecessor-version":[{"id":9707,"href":"https:\/\/www.glm-laser.com\/glm\/wp-json\/wp\/v2\/pages\/9701\/revisions\/9707"}],"up":[{"embeddable":true,"href":"https:\/\/www.glm-laser.com\/glm\/wp-json\/wp\/v2\/pages\/4349"}],"wp:attachment":[{"href":"https:\/\/www.glm-laser.com\/glm\/wp-json\/wp\/v2\/media?parent=9701"}],"curies":[{"name":"wp","href":"https:\/\/api.w.org\/{rel}","templated":true}]}}