{"id":9710,"date":"2021-03-05T11:39:18","date_gmt":"2021-03-05T10:39:18","guid":{"rendered":"https:\/\/www.glm-laser.com\/glm\/?page_id=9710"},"modified":"2021-03-05T11:57:18","modified_gmt":"2021-03-05T10:57:18","slug":"robotikstation","status":"publish","type":"page","link":"https:\/\/www.glm-laser.com\/glm\/optische-vermessungsinstrumente-3\/uebersicht\/robotikstation\/","title":{"rendered":"Robotikstation"},"content":{"rendered":"<p>Die Robotik-Totalstationen von Sokkia sind die schlanke L\u00f6sung f\u00fcr hohe Anspr\u00fcche. Nutzen Sie die Effizienz eines Ein-Personen-Messsystems, die Leistung der reflektorlosen Messung \u00fcber hohe Zielweiten.<\/p>\n<\/p>\n<h3 class=\"wp-block-heading\"><a href=\"https:\/\/www.glm-laser.com\/glm\/optische-vermessungsinstrumente-3\/uebersicht\/robotikstation\/sokkia-ix-1001\/\">Sokkia iX-1001<\/a><\/h3>\n<h3 class=\"wp-block-heading\"><a href=\"https:\/\/www.glm-laser.com\/glm\/optische-vermessungsinstrumente-3\/uebersicht\/robotikstation\/sokkia-ix-1003\/\">Sokkia iX-1003<\/a><\/h3>\n<h3 class=\"wp-block-heading\"><a href=\"https:\/\/www.glm-laser.com\/glm\/optische-vermessungsinstrumente-3\/uebersicht\/robotikstation\/sokkia-ix-1005\/\">Sokkia iX-1005<\/a><\/h3>\n","protected":false},"excerpt":{"rendered":"<p>Die Robotik-Totalstationen von Sokkia sind die schlanke L\u00f6sung f\u00fcr hohe Anspr\u00fcche. Nutzen Sie die Effizienz eines Ein-Personen-Messsystems, die Leistung der reflektorlosen Messung \u00fcber hohe Zielweiten. Sokkia iX-1001 Sokkia iX-1003 Sokkia iX-1005<\/p>\n","protected":false},"author":4,"featured_media":0,"parent":705,"menu_order":5,"comment_status":"closed","ping_status":"closed","template":"page_submenu.php","meta":{"footnotes":""},"class_list":["post-9710","page","type-page","status-publish","hentry"],"_links":{"self":[{"href":"https:\/\/www.glm-laser.com\/glm\/wp-json\/wp\/v2\/pages\/9710"}],"collection":[{"href":"https:\/\/www.glm-laser.com\/glm\/wp-json\/wp\/v2\/pages"}],"about":[{"href":"https:\/\/www.glm-laser.com\/glm\/wp-json\/wp\/v2\/types\/page"}],"author":[{"embeddable":true,"href":"https:\/\/www.glm-laser.com\/glm\/wp-json\/wp\/v2\/users\/4"}],"replies":[{"embeddable":true,"href":"https:\/\/www.glm-laser.com\/glm\/wp-json\/wp\/v2\/comments?post=9710"}],"version-history":[{"count":3,"href":"https:\/\/www.glm-laser.com\/glm\/wp-json\/wp\/v2\/pages\/9710\/revisions"}],"predecessor-version":[{"id":9713,"href":"https:\/\/www.glm-laser.com\/glm\/wp-json\/wp\/v2\/pages\/9710\/revisions\/9713"}],"up":[{"embeddable":true,"href":"https:\/\/www.glm-laser.com\/glm\/wp-json\/wp\/v2\/pages\/705"}],"wp:attachment":[{"href":"https:\/\/www.glm-laser.com\/glm\/wp-json\/wp\/v2\/media?parent=9710"}],"curies":[{"name":"wp","href":"https:\/\/api.w.org\/{rel}","templated":true}]}}