{"id":9750,"date":"2021-05-27T12:52:01","date_gmt":"2021-05-27T10:52:01","guid":{"rendered":"https:\/\/www.glm-laser.com\/glm\/?page_id=9750"},"modified":"2024-01-18T15:38:11","modified_gmt":"2024-01-18T14:38:11","slug":"stellenangebot-job-vermessungsingenieur-vermessungstechniker","status":"publish","type":"page","link":"https:\/\/www.glm-laser.com\/glm\/jobs\/stellenangebot-job-vermessungsingenieur-vermessungstechniker\/","title":{"rendered":"Stellenangebot\/Job"},"content":{"rendered":"<h1 class=\"wp-block-heading\">Vermessungstechniker*in m\/w\/d<\/h1>\n<\/p>\n<h2 class=\"wp-block-heading\"><strong>Wer sind wir?<\/strong><\/h2>\n<p>Seit fast 30 Jahren sind wir ein f\u00fchrender Anbieter f\u00fcr die industrielle Lasermesstechnik. Zu unseren Leistungen geh\u00f6ren folgende Schwerpunkte:<\/p>\n<ul class=\"wp-block-list\">\n<li>Entwicklung und Vertrieb von hochpr\u00e4zisen 3D Messsystemen f\u00fcr die Industrie incl. anwendungsgerechter Softwarel\u00f6sungen<\/li>\n<li>Durchf\u00fchrung von Auftragsvermessungen in verschiedenen Branchen wie z.B.\n<ul>\n<li>Schienenfahrzeugbau<\/li>\n<\/ul>\n<ul>\n<li>Stahl- und Anlagenbau<\/li>\n<\/ul>\n<\/li>\n<li>Service, Reparatur und Kalibration von Industriemesssystemen<\/li>\n<\/ul>\n<figure class=\"wp-block-image size-large is-resized\"><img loading=\"lazy\" decoding=\"async\" src=\"https:\/\/www.glm-laser.com\/glm\/wp-content\/uploads\/V1_GLM-Kalender_2021-Kopie-1024x541.jpg\" alt=\"Fokus Lasermesstechnik\" class=\"wp-image-10243\" width=\"698\" height=\"368\" srcset=\"https:\/\/www.glm-laser.com\/glm\/wp-content\/uploads\/V1_GLM-Kalender_2021-Kopie-1024x541.jpg 1024w, https:\/\/www.glm-laser.com\/glm\/wp-content\/uploads\/V1_GLM-Kalender_2021-Kopie-300x159.jpg 300w, https:\/\/www.glm-laser.com\/glm\/wp-content\/uploads\/V1_GLM-Kalender_2021-Kopie-768x406.jpg 768w, https:\/\/www.glm-laser.com\/glm\/wp-content\/uploads\/V1_GLM-Kalender_2021-Kopie-1536x812.jpg 1536w, https:\/\/www.glm-laser.com\/glm\/wp-content\/uploads\/V1_GLM-Kalender_2021-Kopie-2048x1083.jpg 2048w, https:\/\/www.glm-laser.com\/glm\/wp-content\/uploads\/V1_GLM-Kalender_2021-Kopie-scaled-0x430.jpg 814w\" sizes=\"(max-width: 698px) 100vw, 698px\" \/><\/figure>\n<p>F\u00fcr den Bereich <strong>Auftragsvermessung<\/strong> suchen wir als Verst\u00e4rkung eine <strong>Teilzeit-<\/strong> oder <strong>Vollzeitkraft (m\/w\/d), <\/strong>&nbsp;(30-40h\/Woche).<\/p>\n<h2 class=\"wp-block-heading\"><strong><strong>Deine Aufgaben<\/strong>:<\/strong><\/h2>\n<p>Selbstst\u00e4ndige Vorbereitung, Durchf\u00fchrung und Auswertung von tachymetrischen Vermessungen bei unseren Industriekunden<\/p>\n<h2 class=\"wp-block-heading\"><strong><strong>Was Dich ausmacht<\/strong><\/strong>:<\/h2>\n<ul class=\"wp-block-list\">\n<li>Die Ausbildung in einer technischen Fachrichtung (Vorzugsweise als Vermessungstechniker:in (m\/w\/d)) hast Du abgeschlossen<\/li>\n<li>Du hast bereits Erfahrungen in der Industrievermessung oder bist bereit, Dich mit unserer Hilfe einzuarbeiten<\/li>\n<li>Mit Microsoft Office Programmen (Excel, Word) kennst Du Dich aus<\/li>\n<li>Du bist bereit, regional und \u00fcberregional zu Deinen Einsatzorten zu reisen<\/li>\n<li>Du bist im Besitz eines F\u00fchrerscheins der Klasse B<\/li>\n<\/ul>\n<h2 class=\"wp-block-heading\"><strong>Warum Du dich f\u00fcr uns entscheiden solltest<\/strong>:<\/h2>\n<ul class=\"wp-block-list\">\n<li>flexible Arbeitszeiten und die M\u00f6glichkeit im Homeoffice zu arbeiten unterst\u00fctzen Dich dabei, Dein Berufs- und Privatleben zu vereinbaren<\/li>\n<li>Du wirst in einem Unternehmen mit flachen Hierarchien und einem famili\u00e4ren Betriebsklima arbeiten<\/li>\n<li>Du kannst Deine Eins\u00e4tze von Deinem derzeitigen Wohnsitz aus erledigen<\/li>\n<li>wir haben eine Gleitzeitregelung (dadurch sind Br\u00fcckentage in der Regel frei)<\/li>\n<li>es gibt M\u00f6glichkeiten f\u00fcr betriebliche Zusatzversicherungen und Altersversorgung<\/li>\n<li>Du erh\u00e4ltst einen unbefristeten Arbeitsvertrag<\/li>\n<li>Du wirst mit neuen, hochgenauen Messinstrumenten arbeiten und bekommst ein modernes Dienstfahrzeug, welches du auf Wunsch auch privat nutzen kannst<\/li>\n<\/ul>\n<h2 class=\"wp-block-heading\"><strong>Deine Bewerbung: <\/strong><\/h2>\n<p>Wir freuen uns auf Deine Bewerbung inkl. Angabe Deiner Gehaltsvorstellung sowie dem fr\u00fchestm\u00f6glichen Eintrittstermin an hr@glm-laser.com<\/p>\n","protected":false},"excerpt":{"rendered":"<p>Vermessungstechniker*in m\/w\/d Wer sind wir? Seit fast 30 Jahren sind wir ein f\u00fchrender Anbieter f\u00fcr die industrielle Lasermesstechnik. Zu unseren Leistungen geh\u00f6ren folgende Schwerpunkte: Entwicklung und Vertrieb von hochpr\u00e4zisen 3D Messsystemen f\u00fcr die Industrie incl. anwendungsgerechter Softwarel\u00f6sungen Durchf\u00fchrung von Auftragsvermessungen in verschiedenen Branchen wie z.B. Schienenfahrzeugbau Stahl- und Anlagenbau Service, Reparatur und Kalibration von Industriemesssystemen [&hellip;]<\/p>\n","protected":false},"author":4,"featured_media":0,"parent":4300,"menu_order":1,"comment_status":"closed","ping_status":"closed","template":"page_submenu.php","meta":{"footnotes":""},"class_list":["post-9750","page","type-page","status-publish","hentry"],"_links":{"self":[{"href":"https:\/\/www.glm-laser.com\/glm\/wp-json\/wp\/v2\/pages\/9750"}],"collection":[{"href":"https:\/\/www.glm-laser.com\/glm\/wp-json\/wp\/v2\/pages"}],"about":[{"href":"https:\/\/www.glm-laser.com\/glm\/wp-json\/wp\/v2\/types\/page"}],"author":[{"embeddable":true,"href":"https:\/\/www.glm-laser.com\/glm\/wp-json\/wp\/v2\/users\/4"}],"replies":[{"embeddable":true,"href":"https:\/\/www.glm-laser.com\/glm\/wp-json\/wp\/v2\/comments?post=9750"}],"version-history":[{"count":24,"href":"https:\/\/www.glm-laser.com\/glm\/wp-json\/wp\/v2\/pages\/9750\/revisions"}],"predecessor-version":[{"id":10269,"href":"https:\/\/www.glm-laser.com\/glm\/wp-json\/wp\/v2\/pages\/9750\/revisions\/10269"}],"up":[{"embeddable":true,"href":"https:\/\/www.glm-laser.com\/glm\/wp-json\/wp\/v2\/pages\/4300"}],"wp:attachment":[{"href":"https:\/\/www.glm-laser.com\/glm\/wp-json\/wp\/v2\/media?parent=9750"}],"curies":[{"name":"wp","href":"https:\/\/api.w.org\/{rel}","templated":true}]}}