{"id":9782,"date":"2021-07-01T14:55:13","date_gmt":"2021-07-01T12:55:13","guid":{"rendered":"https:\/\/www.glm-laser.com\/glm\/?page_id=9782"},"modified":"2021-07-23T10:30:34","modified_gmt":"2021-07-23T08:30:34","slug":"ausrichtung-von-lagersystemen","status":"publish","type":"page","link":"https:\/\/www.glm-laser.com\/glm\/3d-messsysteme-branchen\/messsystem-fuer-den-anlagenbau\/ausrichtung-von-lagersystemen\/","title":{"rendered":"Ausrichtung von Lagersystemen \/ Hochregallager"},"content":{"rendered":"<h1 class=\"wp-block-heading\">Ausrichtung von Lagersystemen \/ Hochregallager<\/h1>\n<div class=\"wp-block-image\">\n<figure class=\"alignright is-resized\"><a href=\"https:\/\/www.glm-laser.com\/glm\/wp-content\/uploads\/20210512_151452-e1625143848238.jpg\" class=\"gallery_colorbox\" rel=\"Hochregallager\"><img loading=\"lazy\" decoding=\"async\" src=\"https:\/\/www.glm-laser.com\/glm\/wp-content\/uploads\/20210512_151452-e1625144330998-969x1024.jpg\"  alt=\"Optische 3D Vermessung f\u00fcr Lagersystemen \/ Hochregallager. \" class=\"wp-image-9786\" width=\"315\" height=\"332\" srcset=\"https:\/\/www.glm-laser.com\/glm\/wp-content\/uploads\/20210512_151452-e1625144330998-969x1024.jpg 969w, https:\/\/www.glm-laser.com\/glm\/wp-content\/uploads\/20210512_151452-e1625144330998-284x300.jpg 284w, https:\/\/www.glm-laser.com\/glm\/wp-content\/uploads\/20210512_151452-e1625144330998-768x811.jpg 768w\" sizes=\"(max-width: 315px) 100vw, 315px\" \/><\/a><\/figure>\n<\/div>\n<p>Die Bandbreite heutiger Lagersystemen beginnt bei einfachen handbedienten Regalen, geht \u00fcber Flurf\u00f6rderfahrzeuge bediente Regale und endet bei vollautomatischen Hochregallagern von \u00fcber 40m H\u00f6he. Je nach Regalsystem gelten unterschiedliche Richtlinien und Normen, die w\u00e4hrend der Montage und des Betriebes kontrolliert und eingehalten werden m\u00fcssen. Die Anforderung der exakten Ma\u00dfhaltigkeit gilt f\u00fcr jedoch alle Regalsysteme. Besonders bei vollautomatischen Hochregallagern ist die pr\u00e4zise Ausrichtung der Regale von entscheidender Bedeutung. Geringe Abweichungen in den Abst\u00e4nden f\u00fchren zu Fehlern bei den automatisierten Ein- und Auslagerungsprozessen.<\/p>\n<\/p>\n<h2 class=\"wp-block-heading\">Hochregale<\/h2>\n<p>Hochregale mit automatisch oder manuell verfahrbaren F\u00f6rderzeugen nehmen eine Sonderstellung bei Regalkonstruktionen ein. Die meisten Hochregale \u00fcberschreiten die Bauh\u00f6he von 12m und somit endet der Geltungsbereich der G\u00fctesicherung RAL-RG 614. Daher wurde speziell f\u00fcr Hochregallager die \u201eBerechnungsgrundlagen f\u00fcr Regalbedienger\u00e4te, Toleranzen und Freima\u00dfe im Hochregallager\u201c FEM 9.831 eingef\u00fchrt. Zus\u00e4tzlich gilt f\u00fcr die Flurf\u00f6rderzeuge bedienten Regale die VDI-Richtlinie 3645. Darunter fallen unter anderem:<\/p>\n<ul class=\"wp-block-list\">\n<li>Seitenstapler<\/li>\n<li>Dreiseitenstapler<\/li>\n<li>Gabel-Dreiseitenstapler<\/li>\n<li>C-Gabel-Dreiseitenstapler<\/li>\n<li>Schwenkmast-Dreiseitenstapler<\/li>\n<li>Hochhubkommissionierer<\/li>\n<\/ul>\n<h2 class=\"wp-block-heading\">3D Messsystem<\/h2>\n<p>GLM Lasermesstechnik hat ein 3D Messsystem zur Vermessung und Justage von Hochregalen entwickelt. Die Auswertung orientiert sich an der Richtlinie FEM 9.831 und kann nach Ihren Anforderungen weiter angepasst werden.  Er fasst werden unter anderem:<\/p>\n<ul class=\"wp-block-list\">\n<li>Abweichung der Regalst\u00e4nder von der Flucht, sowie L\u00e4ngs und Querneigung<\/li>\n<li>H\u00f6he der St\u00fctzfu\u00dfpunkte<\/li>\n<li>H\u00f6he der Tr\u00e4geroberkanten einer Ebene<\/li>\n<li>Versatz der St\u00fctzen zweier gegen\u00fcberliegender Regalzeilen<\/li>\n<li>Vermessung der Achsparallelit\u00e4t von Laufr\u00e4dern <\/li>\n<li>Vermessung der Lage und Parallelit\u00e4t der Spurf\u00fchrungsrollen<\/li>\n<\/ul>\n<p>Die Ergebnisse der Vermessung werden mit Hilfe unseres Softwarepakets wenige Minuten nach der Erfassung automatisch ausgegeben.  Das Paket besteht aus einer Microsoft Excel<sup>\u00ae<\/sup> basierenden Anwendung und aus einem Plug-In f\u00fcr <a rel=\"noreferrer noopener\" href=\"https:\/\/www.rhino3d.com\/de\/\" target=\"_blank\">Rhino3D<\/a><sup>\u00ae<\/sup> oder <a rel=\"noreferrer noopener\" href=\"https:\/\/www.glm-laser.com\/glm\/software-2\/pc-software-2\/3d-vermessung-software\/\" target=\"_blank\">3 DIM PC-Basic<\/a>. Die Messung erfolgt durch ein 3D-Messsystem mit 3-DIM Observer Motorized. <\/p>\n<p>Bestandteile des Messsystems sind ein <a rel=\"noreferrer noopener\" href=\"https:\/\/www.glm-laser.com\/glm\/optische-vermessungsinstrumente-2\/net05ax-ii\/\" target=\"_blank\">motorisierter Industrietachymeter <\/a>(Laserstation), ein Feldrechner oder Tablet und Zielmittel. Das <a rel=\"noreferrer noopener\" href=\"https:\/\/www.glm-laser.com\/glm\/ueber-glm\/3d-messsysteme\/\" target=\"_blank\">3D-Messsystem <\/a>zeichnet sich unter anderem aus durch: <\/p>\n<ul class=\"wp-block-list\">\n<li>Messgenauigkeit bis zu:\n<ul>\n<li>L\u00e4ngslage +\/- 0,2 mm<\/li>\n<li>Querlage und H\u00f6he +\/- 0,05 mm<\/li>\n<\/ul>\n<\/li>\n<li>Ein-Mann Betrieb, mobil und leicht zu bedienen<\/li>\n<li>Messkopf verfolgt automatisch die Trackerkugel<\/li>\n<li>Sofortige Korrekturwerte ggf. zur Justierung der Schiene bzw. des Gleises<\/li>\n<li>Robust bei erschwerten Umweltbedingungen (Hohe <a rel=\"noreferrer noopener\" href=\"https:\/\/www.glm-laser.com\/glm\/optische-vermessungsinstrumente-2\/ip-schutzartbezeichnung\/\" target=\"_blank\">IP<\/a>)<\/li>\n<li>Minimale Beeintr\u00e4chtigung der Betriebsabl\u00e4ufe<\/li>\n<li>Vermessung im belasteten und unbelasteten Zustand m\u00f6glich<\/li>\n<\/ul>\n","protected":false},"excerpt":{"rendered":"<p>Ausrichtung von Lagersystemen \/ Hochregallager Die Bandbreite heutiger Lagersystemen beginnt bei einfachen handbedienten Regalen, geht \u00fcber Flurf\u00f6rderfahrzeuge bediente Regale und endet bei vollautomatischen Hochregallagern von \u00fcber 40m H\u00f6he. Je nach Regalsystem gelten unterschiedliche Richtlinien und Normen, die w\u00e4hrend der Montage und des Betriebes kontrolliert und eingehalten werden m\u00fcssen. Die Anforderung der exakten Ma\u00dfhaltigkeit gilt f\u00fcr [&hellip;]<\/p>\n","protected":false},"author":4,"featured_media":0,"parent":111,"menu_order":0,"comment_status":"closed","ping_status":"closed","template":"page_submenu.php","meta":{"footnotes":""},"class_list":["post-9782","page","type-page","status-publish","hentry"],"_links":{"self":[{"href":"https:\/\/www.glm-laser.com\/glm\/wp-json\/wp\/v2\/pages\/9782"}],"collection":[{"href":"https:\/\/www.glm-laser.com\/glm\/wp-json\/wp\/v2\/pages"}],"about":[{"href":"https:\/\/www.glm-laser.com\/glm\/wp-json\/wp\/v2\/types\/page"}],"author":[{"embeddable":true,"href":"https:\/\/www.glm-laser.com\/glm\/wp-json\/wp\/v2\/users\/4"}],"replies":[{"embeddable":true,"href":"https:\/\/www.glm-laser.com\/glm\/wp-json\/wp\/v2\/comments?post=9782"}],"version-history":[{"count":21,"href":"https:\/\/www.glm-laser.com\/glm\/wp-json\/wp\/v2\/pages\/9782\/revisions"}],"predecessor-version":[{"id":9882,"href":"https:\/\/www.glm-laser.com\/glm\/wp-json\/wp\/v2\/pages\/9782\/revisions\/9882"}],"up":[{"embeddable":true,"href":"https:\/\/www.glm-laser.com\/glm\/wp-json\/wp\/v2\/pages\/111"}],"wp:attachment":[{"href":"https:\/\/www.glm-laser.com\/glm\/wp-json\/wp\/v2\/media?parent=9782"}],"curies":[{"name":"wp","href":"https:\/\/api.w.org\/{rel}","templated":true}]}}