{"id":9832,"date":"2021-07-12T12:01:15","date_gmt":"2021-07-12T10:01:15","guid":{"rendered":"https:\/\/www.glm-laser.com\/glm\/?page_id=9832"},"modified":"2021-07-12T12:13:40","modified_gmt":"2021-07-12T10:13:40","slug":"sokkia-theodolit-dt50-serie","status":"publish","type":"page","link":"https:\/\/www.glm-laser.com\/glm\/optische-vermessungsinstrumente-3\/sokkia-ingenieurtheodolit\/sokkia-theodolit-dt50-serie\/","title":{"rendered":"SOKKIA  Theodolit DT50 Serie"},"content":{"rendered":"<h1 class=\"wp-block-heading\">SOKKIA  Theodolit DT50 Serie<\/h1>\n<h3 class=\"wp-block-heading\"><strong>Die elektronischen Digitaltheodolite von Sokkia zeichnen sich durch ihre Zuverl\u00e4ssigkeit und die lange Betriebsdauer aus.<\/strong><\/h3>\n<div class=\"wp-block-image\">\n<figure class=\"alignright is-resized\"><a href=\"https:\/\/www.glm-laser.com\/glm\/wp-content\/uploads\/DT50_Series-e1626083957206.jpg\" class=\"gallery_colorbox\"><img loading=\"lazy\" decoding=\"async\" src=\"https:\/\/www.glm-laser.com\/glm\/wp-content\/uploads\/DT50_Series-1024x676.jpg\"  alt=\"\" class=\"wp-image-9837\" width=\"351\" height=\"232\"\/><\/a><\/figure>\n<\/div>\n<p>Die Bedienung ist einfach und komfortabel. Die vielf\u00e4ltigen Anzeigem\u00f6glichkeiten lassen sich bequem \u00fcber die vier Tasten steuern. Sobald das Ger\u00e4t eingeschaltet wird, kann mit der Arbeit begonnen werden. <\/p>\n<p><strong>Charakteristische Merkmale<\/strong><\/p>\n<ul class=\"wp-block-list\">\n<li> Zweiachskompensator nur DT550 und DT550L<\/li>\n<li>Display <\/li>\n<\/ul>\n<p><strong>Weitere Merkmale<\/strong><\/p>\n<ul class=\"wp-block-list\">\n<li>Staub- und Wasserschutz gem\u00e4\u00df IP66<\/li>\n<li>Absolutteilkreis<\/li>\n<li>Bedienung \u00fcber 6 Funktionstasten<\/li>\n<li>Dreifu\u00df abnehmbar<\/li>\n<li>Serielle Schnittstelle<\/li>\n<li>Batteriefach f\u00fcr 4 AA-Zellen (bis zu 250 Stunden)<\/li>\n<li>Akustisches Rechtwinkelsignal<\/li>\n<li>Vergr\u00f6\u00dferung 30x<\/li>\n<\/ul>\n<p><strong>Lieferumfang<\/strong><\/p>\n<ul class=\"wp-block-list\">\n<li>4 Batterien (AA)<\/li>\n<li>Koffer, Tragegurt<\/li>\n<li>Objektivkappe, Schnurlot, Sonnenblende, Werkzeugsatz<\/li>\n<\/ul>\n<p><strong>Optionales Zubeh\u00f6r<\/strong><\/p>\n<ul class=\"wp-block-list\">\n<li>Schnittstellenkabel <\/li>\n<li>Steilsichtokular DE13<\/li>\n<li>Sonnen-Filter<\/li>\n<\/ul>\n<div class=\"wp-block-file\"><a href=\"https:\/\/www.glm-laser.com\/glm\/wp-content\/uploads\/DT50-brochure.pdf\">DT50 brochure<\/a><a href=\"https:\/\/www.glm-laser.com\/glm\/wp-content\/uploads\/DT50-brochure.pdf\" class=\"wp-block-file__button\" download>Herunterladen<\/a><\/div>\n","protected":false},"excerpt":{"rendered":"<p>SOKKIA Theodolit DT50 Serie Die elektronischen Digitaltheodolite von Sokkia zeichnen sich durch ihre Zuverl\u00e4ssigkeit und die lange Betriebsdauer aus. Die Bedienung ist einfach und komfortabel. Die vielf\u00e4ltigen Anzeigem\u00f6glichkeiten lassen sich bequem \u00fcber die vier Tasten steuern. Sobald das Ger\u00e4t eingeschaltet wird, kann mit der Arbeit begonnen werden. Charakteristische Merkmale Zweiachskompensator nur DT550 und DT550L Display [&hellip;]<\/p>\n","protected":false},"author":4,"featured_media":0,"parent":6212,"menu_order":0,"comment_status":"closed","ping_status":"closed","template":"page_submenu.php","meta":{"footnotes":""},"class_list":["post-9832","page","type-page","status-publish","hentry"],"_links":{"self":[{"href":"https:\/\/www.glm-laser.com\/glm\/wp-json\/wp\/v2\/pages\/9832"}],"collection":[{"href":"https:\/\/www.glm-laser.com\/glm\/wp-json\/wp\/v2\/pages"}],"about":[{"href":"https:\/\/www.glm-laser.com\/glm\/wp-json\/wp\/v2\/types\/page"}],"author":[{"embeddable":true,"href":"https:\/\/www.glm-laser.com\/glm\/wp-json\/wp\/v2\/users\/4"}],"replies":[{"embeddable":true,"href":"https:\/\/www.glm-laser.com\/glm\/wp-json\/wp\/v2\/comments?post=9832"}],"version-history":[{"count":5,"href":"https:\/\/www.glm-laser.com\/glm\/wp-json\/wp\/v2\/pages\/9832\/revisions"}],"predecessor-version":[{"id":9848,"href":"https:\/\/www.glm-laser.com\/glm\/wp-json\/wp\/v2\/pages\/9832\/revisions\/9848"}],"up":[{"embeddable":true,"href":"https:\/\/www.glm-laser.com\/glm\/wp-json\/wp\/v2\/pages\/6212"}],"wp:attachment":[{"href":"https:\/\/www.glm-laser.com\/glm\/wp-json\/wp\/v2\/media?parent=9832"}],"curies":[{"name":"wp","href":"https:\/\/api.w.org\/{rel}","templated":true}]}}