{"id":9962,"date":"2021-10-07T10:14:47","date_gmt":"2021-10-07T08:14:47","guid":{"rendered":"https:\/\/www.glm-laser.com\/glm\/?page_id=9962"},"modified":"2022-04-14T11:48:27","modified_gmt":"2022-04-14T09:48:27","slug":"3-dim-observer-for-windows","status":"publish","type":"page","link":"https:\/\/www.glm-laser.com\/glm\/software-2\/poket-pc\/3-dim-observer-for-windows\/","title":{"rendered":"3-DIM Observer for Windows"},"content":{"rendered":"<h1 class=\"wp-block-heading\">3-DIM Observer for Windows<\/h1>\n<div class=\"wp-block-image\">\n<figure class=\"alignright size-large is-resized\"><img loading=\"lazy\" decoding=\"async\" src=\"https:\/\/www.glm-laser.com\/glm\/wp-content\/uploads\/Mesa3_frontal_de-675x1024.jpg\" alt=\"\" class=\"wp-image-9975\" width=\"230\" height=\"349\" srcset=\"https:\/\/www.glm-laser.com\/glm\/wp-content\/uploads\/Mesa3_frontal_de-675x1024.jpg 675w, https:\/\/www.glm-laser.com\/glm\/wp-content\/uploads\/Mesa3_frontal_de-198x300.jpg 198w, https:\/\/www.glm-laser.com\/glm\/wp-content\/uploads\/Mesa3_frontal_de-768x1164.jpg 768w, https:\/\/www.glm-laser.com\/glm\/wp-content\/uploads\/Mesa3_frontal_de-1013x1536.jpg 1013w, https:\/\/www.glm-laser.com\/glm\/wp-content\/uploads\/Mesa3_frontal_de-1351x2048.jpg 1351w, https:\/\/www.glm-laser.com\/glm\/wp-content\/uploads\/Mesa3_frontal_de-scaled.jpg 1689w\" sizes=\"(max-width: 230px) 100vw, 230px\" \/><\/figure>\n<\/div>\n<p>Nach einer langj\u00e4hrigen Erfolgsgeschichte der Handheld-Software <strong>3-DIM Observer for Windows embedded<\/strong> haben wir nun die Migration auf <strong>3-DIM Observer for Windows<\/strong> abgeschlossen. Alle Funktionen der Software wurden auf die neue Plattform \u00fcbernommen und bringen eine Vielzahl von Vorteilen mit sich. Die intuitive und bew\u00e4hrte Benutzeroberfl\u00e4che von 3-DIM Observer wurde beibehalten. Der Benutzer muss sich also nicht an eine neue Oberfl\u00e4che gew\u00f6hnen.<\/p>\n<h2 class=\"wp-block-heading\">Die Vorteile von 3-DIM Observer:<\/h2>\n<p>Bei der Festlegung des gew\u00fcnschten Koordinatensystems spielt die Messreihenfolge keine Rolle, sie kann jederzeit (w\u00e4hrend oder nach der Messung) durch einfache Auswahl der Definitionspunkte aus einer Punktliste ge\u00e4ndert werden. Alle Messpunkte werden sofort im aktuellen System abgebildet. Die zur Definition des Koordinatensystems ausgew\u00e4hlten Punkte werden in der Punkteliste markiert und sind somit sp\u00e4ter leicht zu identifizieren. Die Definitionspunkte f\u00fcr ein Koordinatensystem liegen h\u00e4ufig nicht direkt auf den Achsen, sondern sind um bestimmte Offsets verschoben. Diese Offsets k\u00f6nnen direkt eingegeben werden. Offsets werden automatisch ber\u00fccksichtigt und angewendet (auch wenn das Koordinatensystem noch nicht de\ufb01niert wurde).<\/p>\n<p>Als Hardware dient ein&nbsp;<a href=\"https:\/\/www.glm-laser.com\/glm\/optische-vermessungsinstrumente-2\/handrechner\/\">Handrechner<\/a>&nbsp;bzw. Pocket PC. GLM Laserme\u00dftechnik empfiehlt hierbei den&nbsp;<a href=\"https:\/\/www.glm-laser.com\/glm\/optische-vermessungsinstrumente-3\/handrechner\/feldrechner-mesa-3\/\">Mesa<\/a><a href=\"https:\/\/www.glm-laser.com\/glm\/optische-vermessungsinstrumente-3\/handrechner\/feldrechner-mesa-3\/?preview_id=9989&amp;preview_nonce=3acc76d701&amp;preview=true\">\u00b3<\/a><\/p>\n<h2 class=\"wp-block-heading\">One-Click Messung<\/h2>\n<p>Messungen k\u00f6nnen mit nur einer Taste ausgel\u00f6st werden. Dies bedeutet eine gro\u00dfe Zeitersparnis, vor allem bei der Erfassung gro\u00dfer Mengen von Punkten.<\/p>\n<h2 class=\"wp-block-heading\">Freie Definition von Standortpunkten<\/h2>\n<p>Der Standort der Totalstation kann jederzeit leicht ge\u00e4ndert werden. Dazu k\u00f6nnen zwei oder mehr bekannte Punkte verwendet werden.<\/p>\n<h2 class=\"wp-block-heading\">Einfaches Abstecken von Punkten und Achsen<\/h2>\n<p>Ausgehend von vorhandenen Soll-Koordinaten erh\u00e4lt der Anwender eine eindeutige Vorgabe f\u00fcr das schnelle Abstecken des gew\u00fcnschten Punktes. Die Totalstation ist mit einem Laserpointer ausgestattet und die Sollposition wird pr\u00e4zise markiert.<\/p>\n<h2 class=\"wp-block-heading\">Iteratives Markieren von Sollkoordinaten<\/h2>\n<p>3-D-Punkte k\u00f6nnen sowohl iterativ abgetastet als auch abgesteckt oder markiert werden. Das Ger\u00e4t sucht seine Sollposition so lange, bis ein vorgegebenes Toleranzfenster erreicht ist. So ist es beispielsweise m\u00f6glich, unabh\u00e4ngig von Bodenwellen hochpr\u00e4zise Bodenpunkte f\u00fcr ein Maschinenbett zu bestimmen. Der Laserpointer zeigt Ihnen den exakten Vermessungspunkt in x und y an. Minutenlanges manuelles Suchen der besten Vermessungspositionen ist nicht mehr n\u00f6tig.<\/p>\n<h2 class=\"wp-block-heading\">Automatisches Scannen<\/h2>\n<p>Das Instrument fokussiert automatisch auf die ausgew\u00e4hlten Punkte. Die Punkte k\u00f6nnen direkt im Observer erzeugt oder aus externen Quellen importiert werden. Es wird jeweils eine reflektorlose Messung und Speicherung der Koordinaten durchgef\u00fchrt. Abweichungen vom Sollwert werden sofort berechnet und angezeigt. Punkte au\u00dferhalb der Toleranz werden hervorgehoben.<\/p>\n<h2 class=\"wp-block-heading\">Die St\u00e4rken und Schwerpunkte dieser mobilen Software f\u00fcr die Industrievermessung sind:<\/h2>\n<ul class=\"wp-block-list\">\n<li><strong><a href=\"https:\/\/www.glm-laser.com\/glm\/wp-content\/uploads\/3-DIM-Observer_2-1.png\"><\/a>Direkter SOLL &#8211; IST Vergleich<\/strong> in Pr\u00fcfpunkten (3D Koordinaten X-Y-Z)<\/li>\n<\/ul>\n<div class=\"wp-block-image\">\n<figure class=\"alignright size-medium\"><a href=\"https:\/\/www.glm-laser.com\/glm\/wp-content\/uploads\/Mesa_3_Kreisauswertung-Kopie-1-scaled.jpg\" class=\"gallery_colorbox\"><img loading=\"lazy\" decoding=\"async\" width=\"300\" height=\"259\" src=\"https:\/\/www.glm-laser.com\/glm\/wp-content\/uploads\/Mesa_3_Kreisauswertung-Kopie-1-300x259.jpg\"  alt=\"In\" class=\"wp-image-9970\" srcset=\"https:\/\/www.glm-laser.com\/glm\/wp-content\/uploads\/Mesa_3_Kreisauswertung-Kopie-1-300x259.jpg 300w, https:\/\/www.glm-laser.com\/glm\/wp-content\/uploads\/Mesa_3_Kreisauswertung-Kopie-1-1024x885.jpg 1024w, https:\/\/www.glm-laser.com\/glm\/wp-content\/uploads\/Mesa_3_Kreisauswertung-Kopie-1-768x664.jpg 768w, https:\/\/www.glm-laser.com\/glm\/wp-content\/uploads\/Mesa_3_Kreisauswertung-Kopie-1-1536x1328.jpg 1536w, https:\/\/www.glm-laser.com\/glm\/wp-content\/uploads\/Mesa_3_Kreisauswertung-Kopie-1-2048x1771.jpg 2048w\" sizes=\"(max-width: 300px) 100vw, 300px\" \/><\/a><\/figure>\n<\/div>\n<ul class=\"wp-block-list\">\n<li><strong>Einfacher Standortwechsel<\/strong>\n<ul>\n<li>2 Punkte (Helmert 2D)<\/li>\n<li>3 und mehr Punkte (Helmert 2D und 3D)<\/li>\n<li>und mehr<\/li>\n<\/ul>\n<\/li>\n<\/ul>\n<ul class=\"wp-block-list\">\n<li><strong>Koordinatentransformationen<\/strong>\n<ul>\n<li>Ist an Soll (Punkt-Achse \/ Helmert 2D \/ Helmert 3D)<\/li>\n<li>Punkte (z.B. &#8222;Ursprung \/ x-Achse&#8220;)<\/li>\n<li>PAXOR (Ebene \/ Achse \/ Ursprung \/ Rotation)<\/li>\n<li>und mehr<\/li>\n<\/ul>\n<\/li>\n<\/ul>\n<ul class=\"wp-block-list\">\n<li>Viele <strong>Auswertefunktionen<\/strong>, z.B.:\n<ul>\n<li>Mittelpunkt auf Gerade<\/li>\n<li>Kreismittelpunkt \/ Rundheit<\/li>\n<li>Ebenen Fit<\/li>\n<li>und vieles mehr &#8230;..<\/li>\n<\/ul>\n<\/li>\n<\/ul>\n<ul class=\"wp-block-list\">\n<li><strong>Weitere Messfunktionen<\/strong>\n<ul>\n<li>Macht&nbsp;den <a href=\"https:\/\/www.glm-laser.com\/glm\/optische-vermessungsinstrumente-2\/net05ax-ii\/\">Industrietachymeter<\/a>&nbsp;zum <strong>Tracker<\/strong>. 3-Dim Observer in Verbindung mit einen Handrechner dient als Fernbedienung<\/li>\n<li>Macht den <a href=\"https:\/\/www.glm-laser.com\/glm\/optische-vermessungsinstrumente-2\/net05ax-ii\/\">Industrietachymeter<\/a>&nbsp;zum<strong> Scanner<\/strong> f\u00fcr reflektorlose automatische Messungen<\/li>\n<li><strong>Monitoring<\/strong>: \u00dcberwachung und Positionierung von Bauteilen<\/li>\n<li><strong>Iteratives Abstecken<\/strong> (Wahl einer Freien Achse)<\/li>\n<li><a href=\"https:\/\/www.glm-laser.com\/glm\/optische-vermessungsinstrumente-2\/zubehoer-2\/\">Zielmittel<\/a> k\u00f6nnen selbst konfiguriert werden (Messkugel SMR oder TBR, Mehrfachzielstabe, Folie&nbsp;&#8230;)<\/li>\n<li>Messen von Kontrollpunkten<\/li>\n<li>Und vieles mehr &#8230;. <\/li>\n<\/ul>\n<\/li>\n<\/ul>\n<ul class=\"wp-block-list\">\n<li><strong>Und noch<\/strong>\n<ul>\n<li><strong>Schnittstelle<\/strong> zu Excel, <a href=\"http:\/\/www.rhino3d.com\">Rhino3D<\/a> \u00fcber <a href=\"https:\/\/www.glm-laser.com\/glm\/software-2\/pc-software-2\/3-dim-pt\/\">3-Dim PT<\/a> und <a href=\"https:\/\/www.glm-laser.com\/glm\/software-2\/pc-software-2\/3d-vermessung-software\/\">3-DIM PC Basic<\/a><\/li>\n<li><strong>Ansteuerung aller Industrietachymeter<\/strong> der <a href=\"https:\/\/www.glm-laser.com\/glm\/optische-vermessungsinstrumente-2\/net05ax-ii\/\">Sokkia NET Serie<\/a> sowie die Totalstationen der <a href=\"https:\/\/www.glm-laser.com\/glm\/optische-vermessungsinstrumente-2\/sokkia-ix-serie\/\">iX Serie<\/a> <\/li>\n<li>Benutzerinterface verf\u00fcgbar in mehr als <strong>15 Sprachen<\/strong>. <\/li>\n<\/ul>\n<\/li>\n<\/ul>\n<p>Bei Fragen rufen Sie bitte an oder senden uns eine E-Mail. Wir beraten Sie gerne.<\/p>\n","protected":false},"excerpt":{"rendered":"<p>3-DIM Observer for Windows Nach einer langj\u00e4hrigen Erfolgsgeschichte der Handheld-Software 3-DIM Observer for Windows embedded haben wir nun die Migration auf 3-DIM Observer for Windows abgeschlossen. Alle Funktionen der Software wurden auf die neue Plattform \u00fcbernommen und bringen eine Vielzahl von Vorteilen mit sich. Die intuitive und bew\u00e4hrte Benutzeroberfl\u00e4che von 3-DIM Observer wurde beibehalten. Der [&hellip;]<\/p>\n","protected":false},"author":4,"featured_media":0,"parent":149,"menu_order":1,"comment_status":"closed","ping_status":"closed","template":"page_submenu.php","meta":{"footnotes":""},"class_list":["post-9962","page","type-page","status-publish","hentry"],"_links":{"self":[{"href":"https:\/\/www.glm-laser.com\/glm\/wp-json\/wp\/v2\/pages\/9962"}],"collection":[{"href":"https:\/\/www.glm-laser.com\/glm\/wp-json\/wp\/v2\/pages"}],"about":[{"href":"https:\/\/www.glm-laser.com\/glm\/wp-json\/wp\/v2\/types\/page"}],"author":[{"embeddable":true,"href":"https:\/\/www.glm-laser.com\/glm\/wp-json\/wp\/v2\/users\/4"}],"replies":[{"embeddable":true,"href":"https:\/\/www.glm-laser.com\/glm\/wp-json\/wp\/v2\/comments?post=9962"}],"version-history":[{"count":18,"href":"https:\/\/www.glm-laser.com\/glm\/wp-json\/wp\/v2\/pages\/9962\/revisions"}],"predecessor-version":[{"id":10123,"href":"https:\/\/www.glm-laser.com\/glm\/wp-json\/wp\/v2\/pages\/9962\/revisions\/10123"}],"up":[{"embeddable":true,"href":"https:\/\/www.glm-laser.com\/glm\/wp-json\/wp\/v2\/pages\/149"}],"wp:attachment":[{"href":"https:\/\/www.glm-laser.com\/glm\/wp-json\/wp\/v2\/media?parent=9962"}],"curies":[{"name":"wp","href":"https:\/\/api.w.org\/{rel}","templated":true}]}}