{"id":9989,"date":"2021-11-03T09:37:01","date_gmt":"2021-11-03T08:37:01","guid":{"rendered":"https:\/\/www.glm-laser.com\/glm\/?page_id=9989"},"modified":"2021-11-08T15:37:59","modified_gmt":"2021-11-08T14:37:59","slug":"feldrechner-mesa-3","status":"publish","type":"page","link":"https:\/\/www.glm-laser.com\/glm\/optische-vermessungsinstrumente-3\/handrechner\/feldrechner-mesa-3\/","title":{"rendered":"Feldrechner Mesa\u00b3"},"content":{"rendered":"<div class=\"wp-block-image\">\n<figure class=\"alignright size-large is-resized\"><a href=\"https:\/\/www.glm-laser.com\/glm\/wp-content\/uploads\/Mesa3_frontal_de-scaled.jpg\" class=\"gallery_colorbox\"><img loading=\"lazy\" decoding=\"async\" src=\"https:\/\/www.glm-laser.com\/glm\/wp-content\/uploads\/Mesa3_frontal_de-675x1024.jpg\"  alt=\"\" class=\"wp-image-9975\" width=\"187\" height=\"283\" srcset=\"https:\/\/www.glm-laser.com\/glm\/wp-content\/uploads\/Mesa3_frontal_de-675x1024.jpg 675w, https:\/\/www.glm-laser.com\/glm\/wp-content\/uploads\/Mesa3_frontal_de-198x300.jpg 198w, https:\/\/www.glm-laser.com\/glm\/wp-content\/uploads\/Mesa3_frontal_de-768x1164.jpg 768w, https:\/\/www.glm-laser.com\/glm\/wp-content\/uploads\/Mesa3_frontal_de-1013x1536.jpg 1013w, https:\/\/www.glm-laser.com\/glm\/wp-content\/uploads\/Mesa3_frontal_de-1351x2048.jpg 1351w, https:\/\/www.glm-laser.com\/glm\/wp-content\/uploads\/Mesa3_frontal_de-scaled.jpg 1689w\" sizes=\"(max-width: 187px) 100vw, 187px\" \/><\/a><\/figure>\n<\/div>\n<h1 class=\"wp-block-heading\">Feldrechner Mesa\u00b3<\/h1>\n<p>Wir empfehlen den Einsatz des Mesa\u00b3. Dieser robuste Handheld Computer zeichnet sich durch seine \u00fcberragende Fertigungsqualit\u00e4t, seiner ultrarobusten und ergonomischen Bauweise und seinem bei Sonnenlicht lesbaren Bildschirm aus. Zus\u00e4tzlich l\u00e4sst sich das Display einfach mit einem Finger oder mit einem Stylus bedienen.<\/p>\n<\/p>\n<div style=\"height:1px\" aria-hidden=\"true\" class=\"wp-block-spacer\"><\/div>\n<h3 class=\"wp-block-heading\"><strong>RUGGED DESIGN<\/strong><\/h3>\n<p>Der Mesa\u00b3 ist durch seine Bauart bestens gegen Schl\u00e4ge, St\u00fcrze und Vibrationen gesch\u00fctzt. Der Feldrechner ist gem\u00e4\u00df der Schutzklasse IP68 zertifiziert und erf\u00fcllt au\u00dferdem die Anforderungen des MIL-STD-810G Testverfahrens.<\/p>\n<h3 class=\"wp-block-heading\"><strong>IN DER PRAXIS<\/strong><\/h3>\n<p>Der herausnehmbare&nbsp; Akku bietet bis zu 10 Stunden Betriebszeit und kann einfach ausgetauscht werden. Somit brauchen Sie Sich auch bei zeitintensiven Messungen nicht um die Akkulaufzeit sorgen.<\/p>\n<h3 class=\"wp-block-heading\"><strong>STYLUS<\/strong><\/h3>\n<p>Sie k\u00f6nnen sich entscheiden, ob Sie mit der Soft-Tip Variante oder mit der Small-Tip Variante arbeiten. Der Small Tip Stylus wurde in Anlehnung an den Archer 1 entwickelt und bietet Ihnen ein \u00e4hnliches Arbeitsgef\u00fchl.<\/p>\n<h3 class=\"wp-block-heading\"><strong>3-DIM OBSERVER FOR WINDOWS<\/strong><\/h3>\n<p>Die Oberfl\u00e4che von&nbsp; <a href=\"https:\/\/www.glm-laser.com\/glm\/software-2\/poket-pc\/3-dim-observer-for-windows\/\">3-DIM Observer for Windows<\/a> haben wir&nbsp; speziell f\u00fcr die Anwendung mit dem Mesa\u00b3 optimiert.<\/p>\n<figure class=\"wp-block-image size-large is-resized\"><a href=\"https:\/\/www.glm-laser.com\/glm\/wp-content\/uploads\/Mesa_3_Kreisauswertung-Kopie-1-scaled.jpg\" class=\"gallery_colorbox\"><img loading=\"lazy\" decoding=\"async\" src=\"https:\/\/www.glm-laser.com\/glm\/wp-content\/uploads\/Mesa_3_Kreisauswertung-Kopie-1-1024x885.jpg\"  alt=\"In\" class=\"wp-image-9970\" width=\"503\" height=\"434\" srcset=\"https:\/\/www.glm-laser.com\/glm\/wp-content\/uploads\/Mesa_3_Kreisauswertung-Kopie-1-1024x885.jpg 1024w, https:\/\/www.glm-laser.com\/glm\/wp-content\/uploads\/Mesa_3_Kreisauswertung-Kopie-1-300x259.jpg 300w, https:\/\/www.glm-laser.com\/glm\/wp-content\/uploads\/Mesa_3_Kreisauswertung-Kopie-1-768x664.jpg 768w, https:\/\/www.glm-laser.com\/glm\/wp-content\/uploads\/Mesa_3_Kreisauswertung-Kopie-1-1536x1328.jpg 1536w, https:\/\/www.glm-laser.com\/glm\/wp-content\/uploads\/Mesa_3_Kreisauswertung-Kopie-1-2048x1771.jpg 2048w\" sizes=\"(max-width: 503px) 100vw, 503px\" \/><\/a><\/figure>\n","protected":false},"excerpt":{"rendered":"<p>Feldrechner Mesa\u00b3 Wir empfehlen den Einsatz des Mesa\u00b3. Dieser robuste Handheld Computer zeichnet sich durch seine \u00fcberragende Fertigungsqualit\u00e4t, seiner ultrarobusten und ergonomischen Bauweise und seinem bei Sonnenlicht lesbaren Bildschirm aus. Zus\u00e4tzlich l\u00e4sst sich das Display einfach mit einem Finger oder mit einem Stylus bedienen. RUGGED DESIGN Der Mesa\u00b3 ist durch seine Bauart bestens gegen Schl\u00e4ge, [&hellip;]<\/p>\n","protected":false},"author":4,"featured_media":0,"parent":743,"menu_order":0,"comment_status":"closed","ping_status":"closed","template":"page_submenu.php","meta":{"footnotes":""},"class_list":["post-9989","page","type-page","status-publish","hentry"],"_links":{"self":[{"href":"https:\/\/www.glm-laser.com\/glm\/wp-json\/wp\/v2\/pages\/9989"}],"collection":[{"href":"https:\/\/www.glm-laser.com\/glm\/wp-json\/wp\/v2\/pages"}],"about":[{"href":"https:\/\/www.glm-laser.com\/glm\/wp-json\/wp\/v2\/types\/page"}],"author":[{"embeddable":true,"href":"https:\/\/www.glm-laser.com\/glm\/wp-json\/wp\/v2\/users\/4"}],"replies":[{"embeddable":true,"href":"https:\/\/www.glm-laser.com\/glm\/wp-json\/wp\/v2\/comments?post=9989"}],"version-history":[{"count":14,"href":"https:\/\/www.glm-laser.com\/glm\/wp-json\/wp\/v2\/pages\/9989\/revisions"}],"predecessor-version":[{"id":10009,"href":"https:\/\/www.glm-laser.com\/glm\/wp-json\/wp\/v2\/pages\/9989\/revisions\/10009"}],"up":[{"embeddable":true,"href":"https:\/\/www.glm-laser.com\/glm\/wp-json\/wp\/v2\/pages\/743"}],"wp:attachment":[{"href":"https:\/\/www.glm-laser.com\/glm\/wp-json\/wp\/v2\/media?parent=9989"}],"curies":[{"name":"wp","href":"https:\/\/api.w.org\/{rel}","templated":true}]}}